{"id":645,"date":"2024-02-16T19:20:25","date_gmt":"2024-02-16T19:20:25","guid":{"rendered":"https:\/\/lunaris.wroclaw.pl\/kontakt\/"},"modified":"2024-04-11T10:52:18","modified_gmt":"2024-04-11T10:52:18","slug":"kontakt","status":"publish","type":"page","link":"https:\/\/lunaris.wroclaw.pl\/de\/kontakt\/","title":{"rendered":"Kontakt"},"content":{"rendered":"<p>[et_pb_section fb_built=&#8220;1&#8243; admin_label=&#8220;Contact&#8220; _builder_version=&#8220;4.16&#8243; _module_preset=&#8220;default&#8220; global_colors_info=&#8220;{}&#8220;][et_pb_row column_structure=&#8220;1_2,1_2&#8243; _builder_version=&#8220;4.24.0&#8243; _module_preset=&#8220;default&#8220; global_colors_info=&#8220;{}&#8220;][et_pb_column type=&#8220;1_2&#8243; _builder_version=&#8220;4.24.0&#8243; _module_preset=&#8220;default&#8220; custom_padding=&#8220;50px||||false|false&#8220; custom_padding_tablet=&#8220;0px||||false|false&#8220; custom_padding_phone=&#8220;||||false|false&#8220; custom_padding_last_edited=&#8220;on|phone&#8220; global_colors_info=&#8220;{}&#8220;][et_pb_text _builder_version=&#8220;4.24.0&#8243; _module_preset=&#8220;534cc526-6274-4e31-9e1a-7f18a5947bf1&#8243; text_text_color=&#8220;gcid-742a04a5-09f0-4c6f-a5d8-902537bc2d85&#8243; header_4_font=&#8220;Montserrat|700||on|||||&#8220; header_4_text_color=&#8220;gcid-742a04a5-09f0-4c6f-a5d8-902537bc2d85&#8243; header_4_font_size=&#8220;14px&#8220; header_4_letter_spacing=&#8220;2px&#8220; header_4_line_height=&#8220;1.5em&#8220; custom_margin=&#8220;||0px||false|false&#8220; header_4_font_size_tablet=&#8220;&#8220; header_4_font_size_phone=&#8220;11px&#8220; header_4_font_size_last_edited=&#8220;on|phone&#8220; global_colors_info=&#8220;{%22gcid-742a04a5-09f0-4c6f-a5d8-902537bc2d85%22:%91%22text_text_color%22,%22header_4_text_color%22%93}&#8220;]<\/p>\n<h4>Lunaris<\/h4>\n<p>[\/et_pb_text][et_pb_text _builder_version=&#8220;4.24.0&#8243; _module_preset=&#8220;e864d11f-3dab-4fa3-ac06-4f0e1a260807&#8243; header_font=&#8220;Playfair Display||||||||&#8220; header_text_color=&#8220;#191d23&#8243; header_font_size=&#8220;62px&#8220; header_line_height=&#8220;1.35em&#8220; custom_margin=&#8220;||0px||false|false&#8220; header_font_size_tablet=&#8220;56px&#8220; header_font_size_phone=&#8220;44px&#8220; header_font_size_last_edited=&#8220;on|desktop&#8220; global_colors_info=&#8220;{}&#8220;]<\/p>\n<h1>Kontakt<\/h1>\n<p>[\/et_pb_text][et_pb_text _builder_version=&#8220;4.24.0&#8243; _module_preset=&#8220;41d5859c-fbaa-458a-88e4-5d886857f235&#8243; text_font=&#8220;|500|||||||&#8220; text_font_size=&#8220;17px&#8220; text_line_height=&#8220;1.6em&#8220; text_font_size_tablet=&#8220;16px&#8220; text_font_size_phone=&#8220;16px&#8220; text_font_size_last_edited=&#8220;on|phone&#8220; global_colors_info=&#8220;{}&#8220;]<\/p>\n<p>Ich bin bereit, Ihre Fragen zu beantworten und meine Leidenschaft f\u00fcr die Numerologie zu teilen. Nehmen Sie Kontakt mit mir auf, wenn Sie mehr \u00fcber meine Dienstleistungen erfahren oder einfach Ihre Erkenntnisse \u00fcber die Welt der Zahlen mit mir teilen m\u00f6chten.<\/p>\n<p>[\/et_pb_text][et_pb_text _builder_version=&#8220;4.24.0&#8243; _module_preset=&#8220;41d5859c-fbaa-458a-88e4-5d886857f235&#8243; text_font=&#8220;|500|||||||&#8220; text_font_size=&#8220;17px&#8220; text_line_height=&#8220;1.6em&#8220; hover_enabled=&#8220;0&#8243; text_font_size_tablet=&#8220;16px&#8220; text_font_size_phone=&#8220;17px&#8220; text_font_size_last_edited=&#8220;on|phone&#8220; global_colors_info=&#8220;{}&#8220; sticky_enabled=&#8220;0&#8243;]<\/p>\n<p><strong>Lunaris &#8211; Marta Lachtera<\/strong><br \/>Wroc\u0142aw<\/p>\n<p>[\/et_pb_text][et_pb_text _builder_version=&#8220;4.24.0&#8243; _module_preset=&#8220;default&#8220; text_font_size=&#8220;18px&#8220; header_2_font=&#8220;Playfair Display||||||||&#8220; header_2_text_color=&#8220;#191d23&#8243; header_2_font_size=&#8220;28px&#8220; header_2_line_height=&#8220;1.4em&#8220; text_font_size_tablet=&#8220;18px&#8220; text_font_size_phone=&#8220;18px&#8220; text_font_size_last_edited=&#8220;on|phone&#8220; header_2_font_size_tablet=&#8220;28px&#8220; header_2_font_size_phone=&#8220;24px&#8220; header_2_font_size_last_edited=&#8220;on|phone&#8220; locked=&#8220;off&#8220; global_colors_info=&#8220;{}&#8220;]<strong>Tel<\/strong><a href=\"tel:+48604865762\">.+48 604 865 762<\/a><\/p>\n<p><strong>E-Mail:<\/strong> <a href=\"mailto:kontakt@lunaris.wroclaw.pl\" title=\"kontakt@lunaris.wroclaw.pl\">kontakt@lunaris.wroclaw.pl<\/a>[\/et_pb_text][\/et_pb_column][et_pb_column type=&#8220;1_2&#8243; _builder_version=&#8220;4.16&#8243; _module_preset=&#8220;default&#8220; global_colors_info=&#8220;{}&#8220;][et_pb_image src=&#8220;https:\/\/lunaris.wroclaw.pl\/wp-content\/uploads\/2024\/02\/kontakt-lunaris.webp&#8220; alt=&#8220;Ansprechpartner &#8211; Lunaris&#8220; title_text=&#8220;Ansprechpartner &#8211; Lunaris&#8220; _builder_version=&#8220;4.24.0&#8243; _module_preset=&#8220;default&#8220; global_colors_info=&#8220;{}&#8220;][\/et_pb_image][\/et_pb_column][\/et_pb_row][et_pb_row column_structure=&#8220;1_2,1_2&#8243; _builder_version=&#8220;4.24.0&#8243; _module_preset=&#8220;default&#8220; global_colors_info=&#8220;{}&#8220;][et_pb_column type=&#8220;1_2&#8243; _builder_version=&#8220;4.24.0&#8243; _module_preset=&#8220;default&#8220; global_colors_info=&#8220;{}&#8220;][et_pb_image src=&#8220;https:\/\/lunaris.wroclaw.pl\/wp-content\/uploads\/2024\/02\/marta-lachtera-lunaris.jpg&#8220; alt=&#8220;Marta Lachtera &#8211; Lunaris&#8220; title_text=&#8220;Marta Lachtera &#8211; Lunaris&#8220; _builder_version=&#8220;4.24.0&#8243; _module_preset=&#8220;default&#8220; global_colors_info=&#8220;{}&#8220;][\/et_pb_image][\/et_pb_column][et_pb_column type=&#8220;1_2&#8243; _builder_version=&#8220;4.24.0&#8243; _module_preset=&#8220;default&#8220; custom_padding=&#8220;50px||||false|false&#8220; global_colors_info=&#8220;{}&#8220;][et_pb_text _builder_version=&#8220;4.24.0&#8243; _module_preset=&#8220;534cc526-6274-4e31-9e1a-7f18a5947bf1&#8243; text_text_color=&#8220;gcid-742a04a5-09f0-4c6f-a5d8-902537bc2d85&#8243; header_4_font=&#8220;Montserrat|700||on|||||&#8220; header_4_text_color=&#8220;gcid-742a04a5-09f0-4c6f-a5d8-902537bc2d85&#8243; header_4_font_size=&#8220;14px&#8220; header_4_letter_spacing=&#8220;2px&#8220; header_4_line_height=&#8220;1.5em&#8220; custom_margin=&#8220;||0px||false|false&#8220; header_4_font_size_tablet=&#8220;&#8220; header_4_font_size_phone=&#8220;11px&#8220; header_4_font_size_last_edited=&#8220;on|phone&#8220; global_colors_info=&#8220;{%22gcid-742a04a5-09f0-4c6f-a5d8-902537bc2d85%22:%91%22text_text_color%22,%22header_4_text_color%22%93}&#8220;]<\/p>\n<h4>Lunaris<\/h4>\n<p>[\/et_pb_text][et_pb_text _builder_version=&#8220;4.24.0&#8243; _module_preset=&#8220;e864d11f-3dab-4fa3-ac06-4f0e1a260807&#8243; header_font=&#8220;Playfair Display||||||||&#8220; header_text_color=&#8220;#191d23&#8243; header_font_size=&#8220;62px&#8220; header_line_height=&#8220;1.35em&#8220; custom_margin=&#8220;||0px||false|false&#8220; header_font_size_tablet=&#8220;50px&#8220; header_font_size_phone=&#8220;42px&#8220; header_font_size_last_edited=&#8220;on|phone&#8220; global_colors_info=&#8220;{}&#8220;]<\/p>\n<h1>Schreiben Sie mir<\/h1>\n<p>[\/et_pb_text][et_pb_text _builder_version=&#8220;4.24.0&#8243; _module_preset=&#8220;41d5859c-fbaa-458a-88e4-5d886857f235&#8243; text_font=&#8220;|500|||||||&#8220; text_font_size=&#8220;17px&#8220; text_line_height=&#8220;1.6em&#8220; text_font_size_tablet=&#8220;16px&#8220; text_font_size_phone=&#8220;16px&#8220; text_font_size_last_edited=&#8220;on|phone&#8220; global_colors_info=&#8220;{}&#8220;]<\/p>\n<p>F\u00fcllen Sie das untenstehende Formular aus und ich werde versuchen, Ihnen so schnell wie m\u00f6glich zu antworten.<\/p>\n<p>Wir danken Ihnen f\u00fcr Ihr Interesse und werden uns bei Ihnen melden!<\/p>\n<p>[\/et_pb_text][et_pb_contact_form email=&#8220;kontakt@lunaris.wroclaw.pl&#8220; custom_message=&#8220;Inhalt der Kontaktformularnachricht von der LUNARIS Website: ||et_pb_line_break_holder||||et_pb_line_break_holder|| Nachricht von: %%Name%||et_pb_line_break_holder||E-Mail-Adresse: %%Email%%|et_pb_line_break_holder||Nachrichteninhalt: %%Nachricht%%&#8220; _builder_version=&#8220;4.24.0&#8243; _module_preset=&#8220;a0e56ac0-56d1-4c55-8d40-c456da01a596&#8243; _unique_id=&#8220;50768df1-59e8-4998-a4e1-0d79f0f718f8&#8243; form_field_background_color=&#8220;RGBA(255,255,255,0)&#8220; form_field_font=&#8220;|500|||||||&#8220; form_field_font_size=&#8220;16px&#8220; custom_button=&#8220;on&#8220; button_text_size=&#8220;14px&#8220; button_text_color=&#8220;#FFFFFF&#8220; button_bg_color=&#8220;gcid-af5dbd28-3fae-4c68-a967-cffc62601605&#8243; button_border_width=&#8220;0px&#8220; button_border_radius=&#8220;0px&#8220; button_letter_spacing=&#8220;1px&#8220; button_font=&#8220;Montserrat|700||on|||||&#8220; button_custom_margin=&#8220;10px||||false|false&#8220; button_custom_padding=&#8220;22px|24px|22px|24px|true|true&#8220; button_custom_padding_last_edited=&#8220;off|desktop&#8220; border_width_all=&#8220;1px&#8220; border_color_all=&#8220;#979797&#8243; locked=&#8220;off&#8220; global_colors_info=&#8220;{%22gcid-af5dbd28-3fae-4c68-a967-cffc62601605%22:%91%22button_bg_color%22%93}&#8220;][et_pb_contact_field field_id=&#8220;Name&#8220; field_title=&#8220;Name&#8220; fullwidth_field=&#8220;on&#8220; _builder_version=&#8220;4.24.0&#8243; _module_preset=&#8220;default&#8220; global_colors_info=&#8220;{}&#8220; button_text_size__hover_enabled=&#8220;off&#8220; button_one_text_size__hover_enabled=&#8220;off&#8220; button_two_text_size__hover_enabled=&#8220;off&#8220; button_text_color__hover_enabled=&#8220;off&#8220; button_one_text_color__hover_enabled=&#8220;off&#8220; button_two_text_color__hover_enabled=&#8220;off&#8220; button_border_width__hover_enabled=&#8220;off&#8220; button_one_border_width__hover_enabled=&#8220;off&#8220; button_two_border_width__hover_enabled=&#8220;off&#8220; button_border_color__hover_enabled=&#8220;off&#8220; button_one_border_color__hover_enabled=&#8220;off&#8220; button_two_border_color__hover_enabled=&#8220;off&#8220; button_border_radius__hover_enabled=&#8220;off&#8220; button_one_border_radius__hover_enabled=&#8220;off&#8220; button_two_border_radius__hover_enabled=&#8220;off&#8220; button_letter_spacing__hover_enabled=&#8220;off&#8220; button_one_letter_spacing__hover_enabled=&#8220;off&#8220; button_two_letter_spacing__hover_enabled=&#8220;off&#8220; button_bg_color__hover_enabled=&#8220;off&#8220; button_one_bg_color__hover_enabled=&#8220;off&#8220; button_two_bg_color__hover_enabled=&#8220;off&#8220;][\/et_pb_contact_field][et_pb_contact_field field_id=&#8220;Email&#8220; field_title=&#8220;E-Mail Adresse&#8220; field_type=&#8220;email&#8220; fullwidth_field=&#8220;on&#8220; _builder_version=&#8220;4.24.0&#8243; _module_preset=&#8220;default&#8220; global_colors_info=&#8220;{}&#8220; button_text_size__hover_enabled=&#8220;off&#8220; button_one_text_size__hover_enabled=&#8220;off&#8220; button_two_text_size__hover_enabled=&#8220;off&#8220; button_text_color__hover_enabled=&#8220;off&#8220; button_one_text_color__hover_enabled=&#8220;off&#8220; button_two_text_color__hover_enabled=&#8220;off&#8220; button_border_width__hover_enabled=&#8220;off&#8220; button_one_border_width__hover_enabled=&#8220;off&#8220; button_two_border_width__hover_enabled=&#8220;off&#8220; button_border_color__hover_enabled=&#8220;off&#8220; button_one_border_color__hover_enabled=&#8220;off&#8220; button_two_border_color__hover_enabled=&#8220;off&#8220; button_border_radius__hover_enabled=&#8220;off&#8220; button_one_border_radius__hover_enabled=&#8220;off&#8220; button_two_border_radius__hover_enabled=&#8220;off&#8220; button_letter_spacing__hover_enabled=&#8220;off&#8220; button_one_letter_spacing__hover_enabled=&#8220;off&#8220; button_two_letter_spacing__hover_enabled=&#8220;off&#8220; button_bg_color__hover_enabled=&#8220;off&#8220; button_one_bg_color__hover_enabled=&#8220;off&#8220; button_two_bg_color__hover_enabled=&#8220;off&#8220;][\/et_pb_contact_field][et_pb_contact_field field_id=&#8220;Message&#8220; field_title=&#8220;Nachricht&#8220; field_type=&#8220;text&#8220; fullwidth_field=&#8220;on&#8220; _builder_version=&#8220;4.24.0&#8243; _module_preset=&#8220;default&#8220; global_colors_info=&#8220;{}&#8220; button_text_size__hover_enabled=&#8220;off&#8220; button_one_text_size__hover_enabled=&#8220;off&#8220; button_two_text_size__hover_enabled=&#8220;off&#8220; button_text_color__hover_enabled=&#8220;off&#8220; button_one_text_color__hover_enabled=&#8220;off&#8220; button_two_text_color__hover_enabled=&#8220;off&#8220; button_border_width__hover_enabled=&#8220;off&#8220; button_one_border_width__hover_enabled=&#8220;off&#8220; button_two_border_width__hover_enabled=&#8220;off&#8220; button_border_color__hover_enabled=&#8220;off&#8220; button_one_border_color__hover_enabled=&#8220;off&#8220; button_two_border_color__hover_enabled=&#8220;off&#8220; button_border_radius__hover_enabled=&#8220;off&#8220; button_one_border_radius__hover_enabled=&#8220;off&#8220; button_two_border_radius__hover_enabled=&#8220;off&#8220; button_letter_spacing__hover_enabled=&#8220;off&#8220; button_one_letter_spacing__hover_enabled=&#8220;off&#8220; button_two_letter_spacing__hover_enabled=&#8220;off&#8220; button_bg_color__hover_enabled=&#8220;off&#8220; button_one_bg_color__hover_enabled=&#8220;off&#8220; button_two_bg_color__hover_enabled=&#8220;off&#8220;][\/et_pb_contact_field][\/et_pb_contact_form][\/et_pb_column][\/et_pb_row][\/et_pb_section]<\/p>\n","protected":false},"excerpt":{"rendered":"<p>LunarisKontaktIch bin bereit, Ihre Fragen zu beantworten und meine Leidenschaft f\u00fcr die Numerologie zu teilen. Nehmen Sie Kontakt mit mir auf, wenn Sie mehr \u00fcber meine Dienstleistungen erfahren oder einfach Ihre Erkenntnisse \u00fcber die Welt der Zahlen mit mir teilen m\u00f6chten.Lunaris &#8211; Marta LachteraWroc\u0142awTel.+48 604 865 762 E-Mail: kontakt@lunaris.wroclaw.plLunarisSchreiben Sie mirF\u00fcllen Sie das untenstehende Formular [&hellip;]<\/p>\n","protected":false},"author":1,"featured_media":0,"parent":0,"menu_order":0,"comment_status":"closed","ping_status":"closed","template":"","meta":{"_et_pb_use_builder":"on","_et_pb_old_content":"","_et_gb_content_width":"","footnotes":""},"class_list":["post-645","page","type-page","status-publish","hentry"],"yoast_head":"<!-- This site is optimized with the Yoast SEO plugin v24.1 - https:\/\/yoast.com\/wordpress\/plugins\/seo\/ -->\n<title>Kontakt - Lunaris<\/title>\n<meta name=\"description\" content=\"Bitte nehmen Sie Kontakt mit uns auf: Lunaris Marta Lachtera. Ich bin bereit, Ihre Fragen zu beantworten und meine Leidenschaft f\u00fcr die Numerologie zu teilen.\" \/>\n<meta name=\"robots\" content=\"index, follow, max-snippet:-1, max-image-preview:large, max-video-preview:-1\" \/>\n<link rel=\"canonical\" href=\"https:\/\/lunaris.wroclaw.pl\/de\/kontakt\/\" \/>\n<meta property=\"og:locale\" content=\"de_DE\" \/>\n<meta property=\"og:type\" content=\"article\" \/>\n<meta property=\"og:title\" content=\"Kontakt - Lunaris\" \/>\n<meta property=\"og:description\" content=\"Bitte nehmen Sie Kontakt mit uns auf: Lunaris Marta Lachtera. Ich bin bereit, Ihre Fragen zu beantworten und meine Leidenschaft f\u00fcr die Numerologie zu teilen.\" \/>\n<meta property=\"og:url\" content=\"https:\/\/lunaris.wroclaw.pl\/de\/kontakt\/\" \/>\n<meta property=\"og:site_name\" content=\"Lunaris\" \/>\n<meta property=\"article:publisher\" content=\"https:\/\/www.facebook.com\/lunaris.numerologia\" \/>\n<meta property=\"article:modified_time\" content=\"2024-04-11T10:52:18+00:00\" \/>\n<meta name=\"twitter:card\" content=\"summary_large_image\" \/>\n<meta name=\"twitter:label1\" content=\"Gesch\u00e4tzte Lesezeit\" \/>\n\t<meta name=\"twitter:data1\" content=\"8\u00a0Minuten\" \/>\n<script type=\"application\/ld+json\" class=\"yoast-schema-graph\">{\"@context\":\"https:\/\/schema.org\",\"@graph\":[{\"@type\":\"WebPage\",\"@id\":\"https:\/\/lunaris.wroclaw.pl\/de\/kontakt\/\",\"url\":\"https:\/\/lunaris.wroclaw.pl\/de\/kontakt\/\",\"name\":\"Kontakt - Lunaris\",\"isPartOf\":{\"@id\":\"https:\/\/lunaris.wroclaw.pl\/de\/#website\"},\"datePublished\":\"2024-02-16T19:20:25+00:00\",\"dateModified\":\"2024-04-11T10:52:18+00:00\",\"description\":\"Bitte nehmen Sie Kontakt mit uns auf: Lunaris Marta Lachtera. Ich bin bereit, Ihre Fragen zu beantworten und meine Leidenschaft f\u00fcr die Numerologie zu teilen.\",\"breadcrumb\":{\"@id\":\"https:\/\/lunaris.wroclaw.pl\/de\/kontakt\/#breadcrumb\"},\"inLanguage\":\"de\",\"potentialAction\":[{\"@type\":\"ReadAction\",\"target\":[\"https:\/\/lunaris.wroclaw.pl\/de\/kontakt\/\"]}]},{\"@type\":\"BreadcrumbList\",\"@id\":\"https:\/\/lunaris.wroclaw.pl\/de\/kontakt\/#breadcrumb\",\"itemListElement\":[{\"@type\":\"ListItem\",\"position\":1,\"name\":\"Strona g\u0142\u00f3wna\",\"item\":\"https:\/\/lunaris.wroclaw.pl\/de\/\"},{\"@type\":\"ListItem\",\"position\":2,\"name\":\"Kontakt\"}]},{\"@type\":\"WebSite\",\"@id\":\"https:\/\/lunaris.wroclaw.pl\/de\/#website\",\"url\":\"https:\/\/lunaris.wroclaw.pl\/de\/\",\"name\":\"Lunaris\",\"description\":\"Numerologia\",\"publisher\":{\"@id\":\"https:\/\/lunaris.wroclaw.pl\/de\/#organization\"},\"potentialAction\":[{\"@type\":\"SearchAction\",\"target\":{\"@type\":\"EntryPoint\",\"urlTemplate\":\"https:\/\/lunaris.wroclaw.pl\/de\/?s={search_term_string}\"},\"query-input\":{\"@type\":\"PropertyValueSpecification\",\"valueRequired\":true,\"valueName\":\"search_term_string\"}}],\"inLanguage\":\"de\"},{\"@type\":\"Organization\",\"@id\":\"https:\/\/lunaris.wroclaw.pl\/de\/#organization\",\"name\":\"Lunaris\",\"url\":\"https:\/\/lunaris.wroclaw.pl\/de\/\",\"logo\":{\"@type\":\"ImageObject\",\"inLanguage\":\"de\",\"@id\":\"https:\/\/lunaris.wroclaw.pl\/de\/#\/schema\/logo\/image\/\",\"url\":\"https:\/\/lunaris.wroclaw.pl\/wp-content\/uploads\/2024\/02\/logo-Lunaris.png\",\"contentUrl\":\"https:\/\/lunaris.wroclaw.pl\/wp-content\/uploads\/2024\/02\/logo-Lunaris.png\",\"width\":226,\"height\":150,\"caption\":\"Lunaris\"},\"image\":{\"@id\":\"https:\/\/lunaris.wroclaw.pl\/de\/#\/schema\/logo\/image\/\"},\"sameAs\":[\"https:\/\/www.facebook.com\/lunaris.numerologia\"]}]}<\/script>\n<!-- \/ Yoast SEO plugin. -->","yoast_head_json":{"title":"Kontakt - Lunaris","description":"Bitte nehmen Sie Kontakt mit uns auf: Lunaris Marta Lachtera. Ich bin bereit, Ihre Fragen zu beantworten und meine Leidenschaft f\u00fcr die Numerologie zu teilen.","robots":{"index":"index","follow":"follow","max-snippet":"max-snippet:-1","max-image-preview":"max-image-preview:large","max-video-preview":"max-video-preview:-1"},"canonical":"https:\/\/lunaris.wroclaw.pl\/de\/kontakt\/","og_locale":"de_DE","og_type":"article","og_title":"Kontakt - Lunaris","og_description":"Bitte nehmen Sie Kontakt mit uns auf: Lunaris Marta Lachtera. Ich bin bereit, Ihre Fragen zu beantworten und meine Leidenschaft f\u00fcr die Numerologie zu teilen.","og_url":"https:\/\/lunaris.wroclaw.pl\/de\/kontakt\/","og_site_name":"Lunaris","article_publisher":"https:\/\/www.facebook.com\/lunaris.numerologia","article_modified_time":"2024-04-11T10:52:18+00:00","twitter_card":"summary_large_image","twitter_misc":{"Gesch\u00e4tzte Lesezeit":"8\u00a0Minuten"},"schema":{"@context":"https:\/\/schema.org","@graph":[{"@type":"WebPage","@id":"https:\/\/lunaris.wroclaw.pl\/de\/kontakt\/","url":"https:\/\/lunaris.wroclaw.pl\/de\/kontakt\/","name":"Kontakt - Lunaris","isPartOf":{"@id":"https:\/\/lunaris.wroclaw.pl\/de\/#website"},"datePublished":"2024-02-16T19:20:25+00:00","dateModified":"2024-04-11T10:52:18+00:00","description":"Bitte nehmen Sie Kontakt mit uns auf: Lunaris Marta Lachtera. Ich bin bereit, Ihre Fragen zu beantworten und meine Leidenschaft f\u00fcr die Numerologie zu teilen.","breadcrumb":{"@id":"https:\/\/lunaris.wroclaw.pl\/de\/kontakt\/#breadcrumb"},"inLanguage":"de","potentialAction":[{"@type":"ReadAction","target":["https:\/\/lunaris.wroclaw.pl\/de\/kontakt\/"]}]},{"@type":"BreadcrumbList","@id":"https:\/\/lunaris.wroclaw.pl\/de\/kontakt\/#breadcrumb","itemListElement":[{"@type":"ListItem","position":1,"name":"Strona g\u0142\u00f3wna","item":"https:\/\/lunaris.wroclaw.pl\/de\/"},{"@type":"ListItem","position":2,"name":"Kontakt"}]},{"@type":"WebSite","@id":"https:\/\/lunaris.wroclaw.pl\/de\/#website","url":"https:\/\/lunaris.wroclaw.pl\/de\/","name":"Lunaris","description":"Numerologia","publisher":{"@id":"https:\/\/lunaris.wroclaw.pl\/de\/#organization"},"potentialAction":[{"@type":"SearchAction","target":{"@type":"EntryPoint","urlTemplate":"https:\/\/lunaris.wroclaw.pl\/de\/?s={search_term_string}"},"query-input":{"@type":"PropertyValueSpecification","valueRequired":true,"valueName":"search_term_string"}}],"inLanguage":"de"},{"@type":"Organization","@id":"https:\/\/lunaris.wroclaw.pl\/de\/#organization","name":"Lunaris","url":"https:\/\/lunaris.wroclaw.pl\/de\/","logo":{"@type":"ImageObject","inLanguage":"de","@id":"https:\/\/lunaris.wroclaw.pl\/de\/#\/schema\/logo\/image\/","url":"https:\/\/lunaris.wroclaw.pl\/wp-content\/uploads\/2024\/02\/logo-Lunaris.png","contentUrl":"https:\/\/lunaris.wroclaw.pl\/wp-content\/uploads\/2024\/02\/logo-Lunaris.png","width":226,"height":150,"caption":"Lunaris"},"image":{"@id":"https:\/\/lunaris.wroclaw.pl\/de\/#\/schema\/logo\/image\/"},"sameAs":["https:\/\/www.facebook.com\/lunaris.numerologia"]}]}},"_links":{"self":[{"href":"https:\/\/lunaris.wroclaw.pl\/de\/wp-json\/wp\/v2\/pages\/645","targetHints":{"allow":["GET"]}}],"collection":[{"href":"https:\/\/lunaris.wroclaw.pl\/de\/wp-json\/wp\/v2\/pages"}],"about":[{"href":"https:\/\/lunaris.wroclaw.pl\/de\/wp-json\/wp\/v2\/types\/page"}],"author":[{"embeddable":true,"href":"https:\/\/lunaris.wroclaw.pl\/de\/wp-json\/wp\/v2\/users\/1"}],"replies":[{"embeddable":true,"href":"https:\/\/lunaris.wroclaw.pl\/de\/wp-json\/wp\/v2\/comments?post=645"}],"version-history":[{"count":5,"href":"https:\/\/lunaris.wroclaw.pl\/de\/wp-json\/wp\/v2\/pages\/645\/revisions"}],"predecessor-version":[{"id":650,"href":"https:\/\/lunaris.wroclaw.pl\/de\/wp-json\/wp\/v2\/pages\/645\/revisions\/650"}],"wp:attachment":[{"href":"https:\/\/lunaris.wroclaw.pl\/de\/wp-json\/wp\/v2\/media?parent=645"}],"curies":[{"name":"wp","href":"https:\/\/api.w.org\/{rel}","templated":true}]}}