{"id":657,"date":"2024-02-16T10:43:33","date_gmt":"2024-02-16T10:43:33","guid":{"rendered":"https:\/\/lunaris.wroclaw.pl\/numerologie-blog\/"},"modified":"2024-04-12T12:02:10","modified_gmt":"2024-04-12T12:02:10","slug":"numerologie-blog","status":"publish","type":"page","link":"https:\/\/lunaris.wroclaw.pl\/de\/numerologie-blog\/","title":{"rendered":"Numerologie &#8211; Blog"},"content":{"rendered":"<p>[et_pb_section fb_built=&#8220;1&#8243; admin_label=&#8220;Categories&#8220; _builder_version=&#8220;4.16&#8243; _module_preset=&#8220;default&#8220; global_colors_info=&#8220;{}&#8220;][et_pb_row _builder_version=&#8220;4.16&#8243; _module_preset=&#8220;default&#8220; global_colors_info=&#8220;{}&#8220;][et_pb_column type=&#8220;4_4&#8243; _builder_version=&#8220;4.16&#8243; _module_preset=&#8220;default&#8220; global_colors_info=&#8220;{}&#8220;][et_pb_text _builder_version=&#8220;4.23.4&#8243; _module_preset=&#8220;534cc526-6274-4e31-9e1a-7f18a5947bf1&#8243; header_4_font=&#8220;Montserrat|700||on|||||&#8220; header_4_text_color=&#8220;gcid-742a04a5-09f0-4c6f-a5d8-902537bc2d85&#8243; header_4_font_size=&#8220;14px&#8220; header_4_letter_spacing=&#8220;4px&#8220; header_4_line_height=&#8220;1.5em&#8220; text_orientation=&#8220;center&#8220; custom_margin=&#8220;||0px||false|false&#8220; header_4_font_size_tablet=&#8220;&#8220; header_4_font_size_phone=&#8220;11px&#8220; header_4_font_size_last_edited=&#8220;on|phone&#8220; locked=&#8220;off&#8220; global_colors_info=&#8220;{%22gcid-742a04a5-09f0-4c6f-a5d8-902537bc2d85%22:%91%22header_4_text_color%22%93}&#8220;]<\/p>\n<h4>LUNARIS<\/h4>\n<p>[\/et_pb_text][et_pb_text _builder_version=&#8220;4.24.0&#8243; _module_preset=&#8220;df96b77a-cd4f-44a8-a771-2d6347592b53&#8243; header_2_font=&#8220;Playfair Display|700|||||||&#8220; header_2_text_align=&#8220;center&#8220; header_2_text_color=&#8220;#191d23&#8243; header_2_font_size=&#8220;50px&#8220; header_2_line_height=&#8220;1.25em&#8220; header_3_font=&#8220;Playfair Display||||||||&#8220; header_3_text_align=&#8220;center&#8220; header_3_font_size=&#8220;33px&#8220; header_3_line_height=&#8220;1.3em&#8220; custom_margin=&#8220;||10px||false|false&#8220; header_2_font_size_tablet=&#8220;50px&#8220; header_2_font_size_phone=&#8220;40px&#8220; header_2_font_size_last_edited=&#8220;on|phone&#8220; header_3_font_size_tablet=&#8220;27px&#8220; header_3_font_size_phone=&#8220;23px&#8220; header_3_font_size_last_edited=&#8220;on|phone&#8220; global_colors_info=&#8220;{}&#8220;]<\/p>\n<h2>Blog<\/h2>\n<h3>Gez\u00e4hlte Momente: ein Blog \u00fcber Numerologie, der die Beziehung zwischen Zahlen und dem t\u00e4glichen Leben beleuchtet!<\/h3>\n<p>[\/et_pb_text][\/et_pb_column][\/et_pb_row][et_pb_row _builder_version=&#8220;4.24.0&#8243; _module_preset=&#8220;default&#8220; global_colors_info=&#8220;{}&#8220;][et_pb_column type=&#8220;4_4&#8243; _builder_version=&#8220;4.24.0&#8243; _module_preset=&#8220;default&#8220; global_colors_info=&#8220;{}&#8220;][et_pb_blog fullwidth=&#8220;off&#8220; posts_number=&#8220;12&#8243; show_more=&#8220;on&#8220; show_author=&#8220;off&#8220; show_date=&#8220;off&#8220; show_categories=&#8220;off&#8220; _builder_version=&#8220;4.24.3&#8243; _module_preset=&#8220;default&#8220; header_font=&#8220;Playfair Display||||||||&#8220; header_font_size=&#8220;26px&#8220; header_line_height=&#8220;1.2em&#8220; body_font_size=&#8220;16px&#8220; body_line_height=&#8220;1.8em&#8220; read_more_font=&#8220;|700|||||||&#8220; read_more_text_color=&#8220;gcid-af5dbd28-3fae-4c68-a967-cffc62601605&#8243; read_more_font_size=&#8220;16px&#8220; read_more_line_height=&#8220;1.8em&#8220; hover_enabled=&#8220;0&#8243; body_font_size_tablet=&#8220;15px&#8220; body_font_size_phone=&#8220;16px&#8220; body_font_size_last_edited=&#8220;on|phone&#8220; border_width_all=&#8220;0px&#8220; border_style_all_image=&#8220;none&#8220; global_colors_info=&#8220;{%22gcid-af5dbd28-3fae-4c68-a967-cffc62601605%22:%91%22read_more_text_color%22%93}&#8220; include_categories=&#8220;1&#8243; sticky_enabled=&#8220;0&#8243;][\/et_pb_blog][\/et_pb_column][\/et_pb_row][\/et_pb_section][et_pb_section fb_built=&#8220;1&#8243; admin_label=&#8220;About&#8220; _builder_version=&#8220;4.18.0&#8243; _module_preset=&#8220;default&#8220; custom_padding=&#8220;0px||0px||true|false&#8220; locked=&#8220;off&#8220; collapsed=&#8220;on&#8220; global_colors_info=&#8220;{}&#8220;][et_pb_row column_structure=&#8220;1_2,1_2&#8243; use_custom_gutter=&#8220;on&#8220; gutter_width=&#8220;1&#8243; make_equal=&#8220;on&#8220; _builder_version=&#8220;4.24.0&#8243; _module_preset=&#8220;default&#8220; width=&#8220;100%&#8220; max_width=&#8220;100%&#8220; custom_padding=&#8220;0px||0px||true|false&#8220; global_colors_info=&#8220;{}&#8220;][et_pb_column type=&#8220;1_2&#8243; _builder_version=&#8220;4.24.0&#8243; _module_preset=&#8220;default&#8220; background_image=&#8220;https:\/\/lunaris.wroclaw.pl\/wp-content\/uploads\/2024\/02\/blog-o-numerologii.webp&#8220; parallax=&#8220;on&#8220; global_colors_info=&#8220;{}&#8220;][et_pb_divider show_divider=&#8220;off&#8220; _builder_version=&#8220;4.18.0&#8243; _module_preset=&#8220;default&#8220; height_tablet=&#8220;60vw&#8220; height_phone=&#8220;60vw&#8220; height_last_edited=&#8220;on|desktop&#8220; global_colors_info=&#8220;{}&#8220;][\/et_pb_divider][\/et_pb_column][et_pb_column type=&#8220;1_2&#8243; _builder_version=&#8220;4.24.0&#8243; _module_preset=&#8220;default&#8220; background_color=&#8220;#05175e&#8220; custom_padding=&#8220;7%|9%|7%|9%|true|true&#8220; global_colors_info=&#8220;{}&#8220;][et_pb_text _builder_version=&#8220;4.24.0&#8243; _module_preset=&#8220;534cc526-6274-4e31-9e1a-7f18a5947bf1&#8243; header_4_font=&#8220;Montserrat|700||on|||||&#8220; header_4_text_color=&#8220;gcid-742a04a5-09f0-4c6f-a5d8-902537bc2d85&#8243; header_4_font_size=&#8220;14px&#8220; header_4_letter_spacing=&#8220;4px&#8220; header_4_line_height=&#8220;1.5em&#8220; text_orientation=&#8220;center&#8220; custom_margin=&#8220;||0px||false|false&#8220; header_4_font_size_tablet=&#8220;&#8220; header_4_font_size_phone=&#8220;11px&#8220; header_4_font_size_last_edited=&#8220;on|phone&#8220; locked=&#8220;off&#8220; global_colors_info=&#8220;{%22gcid-742a04a5-09f0-4c6f-a5d8-902537bc2d85%22:%91%22header_4_text_color%22%93}&#8220;]<\/p>\n<h4 style=\"text-align: left;\">LUNARIS<\/h4>\n<p>[\/et_pb_text][et_pb_text _builder_version=&#8220;4.24.0&#8243; _module_preset=&#8220;b327cbe4-b1d5-4b66-ad37-40c8f2f061ba&#8220; header_2_font=&#8220;Playfair Display|700|||||||&#8220; header_2_text_color=&#8220;#FFFFFF&#8220; header_2_font_size=&#8220;45px&#8220; header_2_line_height=&#8220;1.35em&#8220; custom_margin=&#8220;||30px||false|false&#8220; header_2_font_size_tablet=&#8220;32px&#8220; header_2_font_size_phone=&#8220;20px&#8220; header_2_font_size_last_edited=&#8220;on|desktop&#8220; global_colors_info=&#8220;{}&#8220;]<\/p>\n<h2>Warum Numerologie?<\/h2>\n<p>[\/et_pb_text][et_pb_text _builder_version=&#8220;4.24.0&#8243; _module_preset=&#8220;1f09816e-184e-4ce5-a4cf-b39c52c423ca&#8220; text_font=&#8220;||||||||&#8220; text_text_color=&#8220;#FFFFFF&#8220; text_font_size=&#8220;16px&#8220; text_line_height=&#8220;1.8em&#8220; custom_margin=&#8220;||30px||false|false&#8220; text_font_size_tablet=&#8220;15px&#8220; text_font_size_phone=&#8220;14px&#8220; text_font_size_last_edited=&#8220;on|phone&#8220; header_font_size_tablet=&#8220;55px&#8220; header_font_size_last_edited=&#8220;off|desktop&#8220; global_colors_info=&#8220;{}&#8220;]<\/p>\n<p>Die Numerologie erm\u00f6glicht es uns, die Bedeutung von Ereignissen und ihre Funktion in unserem Leben zu verstehen, enth\u00fcllt die Geheimnisse unserer Pers\u00f6nlichkeit und den Zweck, f\u00fcr den wir auf die Welt gekommen sind. Die Zukunft wird nur in der Gegenwart geboren, daher bestimmt die Qualit\u00e4t unserer Beteiligung an der Gegenwart die Qualit\u00e4t unserer Zukunft.<\/p>\n<p>Sobald wir erkennen, wer wir in einem bestimmten Moment sind und wo wir uns befinden, sind alle Ver\u00e4nderungen von diesem Moment an m\u00f6glich.<\/p>\n<p>[\/et_pb_text][et_pb_button button_url=&#8220;https:\/\/lunaris.wroclaw.pl\/de\/warum-numerologie\/&#8220; button_text=&#8220;mehr sehen&#8220; _builder_version=&#8220;4.24.0&#8243; _module_preset=&#8220;3117bc07-6a8a-4679-b3bb-b6ed74b48a2f&#8220; custom_button=&#8220;on&#8220; button_text_size=&#8220;14px&#8220; button_text_color=&#8220;#05175e&#8220; button_bg_color=&#8220;#E6EEF2&#8243; button_border_width=&#8220;0px&#8220; button_border_radius=&#8220;0px&#8220; button_font=&#8220;Ubuntu|700||on|||||&#8220; custom_padding=&#8220;16px|24px|16px|24px|true|true&#8220; global_colors_info=&#8220;{}&#8220;][\/et_pb_button][\/et_pb_column][\/et_pb_row][\/et_pb_section][et_pb_section fb_built=&#8220;1&#8243; _builder_version=&#8220;4.23.4&#8243; _module_preset=&#8220;default&#8220; background_image=&#8220;https:\/\/lunaris.wroclaw.pl\/wp-content\/uploads\/2024\/02\/bg-stopka.webp&#8220; background_position=&#8220;bottom_center&#8220; global_module=&#8220;120&#8243; saved_tabs=&#8220;all&#8220; global_colors_info=&#8220;{}&#8220;][et_pb_row column_structure=&#8220;1_2,1_2&#8243; _builder_version=&#8220;4.23.4&#8243; _module_preset=&#8220;default&#8220; global_colors_info=&#8220;{}&#8220;][et_pb_column type=&#8220;1_2&#8243; _builder_version=&#8220;4.23.4&#8243; _module_preset=&#8220;default&#8220; global_colors_info=&#8220;{}&#8220;][et_pb_image src=&#8220;https:\/\/lunaris.wroclaw.pl\/wp-content\/uploads\/2024\/02\/Lunaris-stopka.png&#8220; alt=&#8220;Lunaris&#8220; title_text=&#8220;Lunaris&#8220; _builder_version=&#8220;4.24.0&#8243; _module_preset=&#8220;default&#8220; global_colors_info=&#8220;{}&#8220;][\/et_pb_image][\/et_pb_column][et_pb_column type=&#8220;1_2&#8243; _builder_version=&#8220;4.23.4&#8243; _module_preset=&#8220;default&#8220; global_colors_info=&#8220;{}&#8220;][et_pb_text _builder_version=&#8220;4.23.4&#8243; _module_preset=&#8220;default&#8220; header_5_font=&#8220;Playfair Display||||||||&#8220; header_5_text_align=&#8220;center&#8220; header_5_text_color=&#8220;gcid-742a04a5-09f0-4c6f-a5d8-902537bc2d85&#8243; header_5_font_size=&#8220;42px&#8220; header_5_line_height=&#8220;1.3em&#8220; animation_style=&#8220;fade&#8220; global_colors_info=&#8220;{%22gcid-742a04a5-09f0-4c6f-a5d8-902537bc2d85%22:%91%22header_5_text_color%22%93}&#8220;]<\/p>\n<h5>Ver\u00e4ndern Sie Ihr Leben mit der Weisheit der Numerologie!<\/h5>\n<p>[\/et_pb_text][\/et_pb_column][\/et_pb_row][et_pb_row column_structure=&#8220;1_3,1_3,1_3&#8243; _builder_version=&#8220;4.23.4&#8243; _module_preset=&#8220;default&#8220; global_colors_info=&#8220;{}&#8220;][et_pb_column type=&#8220;1_3&#8243; _builder_version=&#8220;4.23.4&#8243; _module_preset=&#8220;default&#8220; global_colors_info=&#8220;{}&#8220;][et_pb_text _builder_version=&#8220;4.23.4&#8243; _module_preset=&#8220;default&#8220; header_4_font=&#8220;Playfair Display||||||||&#8220; header_4_text_color=&#8220;#FFFFFF&#8220; header_4_font_size=&#8220;28px&#8220; text_orientation=&#8220;center&#8220; header_4_font_size_tablet=&#8220;28px&#8220; header_4_font_size_phone=&#8220;28px&#8220; header_4_font_size_last_edited=&#8220;on|phone&#8220; global_colors_info=&#8220;{}&#8220;]<\/p>\n<h4>Adresse<\/h4>\n<p>[\/et_pb_text][et_pb_text _builder_version=&#8220;4.24.0&#8243; _module_preset=&#8220;default&#8220; text_text_color=&#8220;#FFFFFF&#8220; global_colors_info=&#8220;{}&#8220;]<\/p>\n<p style=\"text-align: center;\">Wroc\u0142aw<\/p>\n<p>[\/et_pb_text][\/et_pb_column][et_pb_column type=&#8220;1_3&#8243; _builder_version=&#8220;4.23.4&#8243; _module_preset=&#8220;default&#8220; global_colors_info=&#8220;{}&#8220;][et_pb_text _builder_version=&#8220;4.23.4&#8243; _module_preset=&#8220;default&#8220; header_4_font=&#8220;Playfair Display||||||||&#8220; header_4_text_color=&#8220;#FFFFFF&#8220; header_4_font_size=&#8220;28px&#8220; text_orientation=&#8220;center&#8220; header_4_font_size_tablet=&#8220;28px&#8220; header_4_font_size_phone=&#8220;28px&#8220; header_4_font_size_last_edited=&#8220;on|phone&#8220; global_colors_info=&#8220;{}&#8220;]<\/p>\n<h4>Soziale Medien<\/h4>\n<p>[\/et_pb_text][et_pb_social_media_follow _builder_version=&#8220;4.24.0&#8243; _module_preset=&#8220;default&#8220; text_orientation=&#8220;center&#8220; global_colors_info=&#8220;{}&#8220;][et_pb_social_media_follow_network social_network=&#8220;facebook&#8220; url=&#8220;https:\/\/www.facebook.com\/lunaris.numerologia&#8220; _builder_version=&#8220;4.24.0&#8243; _module_preset=&#8220;default&#8220; background_color=&#8220;#3b5998&#8243; global_colors_info=&#8220;{}&#8220; follow_button=&#8220;off&#8220; url_new_window=&#8220;on&#8220;]facebook[\/et_pb_social_media_follow_network][et_pb_social_media_follow_network social_network=&#8220;instagram&#8220; url=&#8220;https:\/\/www.instagram.com\/lunariswroclaw\/&#8220; _builder_version=&#8220;4.24.0&#8243; _module_preset=&#8220;default&#8220; background_color=&#8220;#ea2c59&#8243; global_colors_info=&#8220;{}&#8220; follow_button=&#8220;off&#8220; url_new_window=&#8220;on&#8220;]instagram[\/et_pb_social_media_follow_network][\/et_pb_social_media_follow][\/et_pb_column][et_pb_column type=&#8220;1_3&#8243; _builder_version=&#8220;4.23.4&#8243; _module_preset=&#8220;default&#8220; global_colors_info=&#8220;{}&#8220;][et_pb_text _builder_version=&#8220;4.23.4&#8243; _module_preset=&#8220;default&#8220; header_4_font=&#8220;Playfair Display||||||||&#8220; header_4_text_color=&#8220;#FFFFFF&#8220; header_4_font_size=&#8220;28px&#8220; text_orientation=&#8220;center&#8220; header_4_font_size_tablet=&#8220;28px&#8220; header_4_font_size_phone=&#8220;28px&#8220; header_4_font_size_last_edited=&#8220;on|phone&#8220; global_colors_info=&#8220;{}&#8220;]<\/p>\n<h4>Kontakt<\/h4>\n<p>[\/et_pb_text][et_pb_text _builder_version=&#8220;4.24.0&#8243; _module_preset=&#8220;default&#8220; text_text_color=&#8220;#FFFFFF&#8220; global_colors_info=&#8220;{}&#8220;]<\/p>\n<p style=\"text-align: center;\">Tel.  <span style=\"color: #ffffff;\"><a href=\"tel:+48604865762\" style=\"color: #ffffff;\">+48 604 865 762<\/a><\/span><\/p>\n<p style=\"text-align: center;\">E-Mail: <span style=\"color: #ffffff;\"><br \/>\n  <a href=\"mailto:kontakt@lunaris.wroclaw.pl\" title=\"kontakt@lunaris.wroclaw.pl\" style=\"color: #ffffff;\">kontakt@lunaris.wroclaw.pl<\/a><br \/>\n<\/span><\/p>\n<p>[\/et_pb_text][\/et_pb_column][\/et_pb_row][\/et_pb_section]<\/p>\n","protected":false},"excerpt":{"rendered":"<p>LUNARISBlog Gez\u00e4hlte Momente: ein Blog \u00fcber Numerologie, der die Beziehung zwischen Zahlen und dem t\u00e4glichen Leben beleuchtet!LUNARISWarum Numerologie?Die Numerologie erm\u00f6glicht es uns, die Bedeutung von Ereignissen und ihre Funktion in unserem Leben zu verstehen, enth\u00fcllt die Geheimnisse unserer Pers\u00f6nlichkeit und den Zweck, f\u00fcr den wir auf die Welt gekommen sind. Die Zukunft wird nur in [&hellip;]<\/p>\n","protected":false},"author":1,"featured_media":0,"parent":0,"menu_order":0,"comment_status":"closed","ping_status":"closed","template":"","meta":{"_et_pb_use_builder":"on","_et_pb_old_content":"","_et_gb_content_width":"","footnotes":""},"class_list":["post-657","page","type-page","status-publish","hentry"],"yoast_head":"<!-- This site is optimized with the Yoast SEO plugin v24.1 - https:\/\/yoast.com\/wordpress\/plugins\/seo\/ -->\n<title>Numerologie - Blog - Lunaris<\/title>\n<meta name=\"description\" content=\"Gez\u00e4hlte Momente: ein Blog \u00fcber Numerologie, der die Beziehung zwischen Zahlen und dem t\u00e4glichen Leben beleuchtet!\" \/>\n<meta name=\"robots\" content=\"index, follow, max-snippet:-1, max-image-preview:large, max-video-preview:-1\" \/>\n<link rel=\"canonical\" href=\"https:\/\/lunaris.wroclaw.pl\/de\/numerologie-blog\/\" \/>\n<meta property=\"og:locale\" content=\"de_DE\" \/>\n<meta property=\"og:type\" content=\"article\" \/>\n<meta property=\"og:title\" content=\"Numerologie - Blog - Lunaris\" \/>\n<meta property=\"og:description\" content=\"Gez\u00e4hlte Momente: ein Blog \u00fcber Numerologie, der die Beziehung zwischen Zahlen und dem t\u00e4glichen Leben beleuchtet!\" \/>\n<meta property=\"og:url\" content=\"https:\/\/lunaris.wroclaw.pl\/de\/numerologie-blog\/\" \/>\n<meta property=\"og:site_name\" content=\"Lunaris\" \/>\n<meta property=\"article:publisher\" content=\"https:\/\/www.facebook.com\/lunaris.numerologia\" \/>\n<meta property=\"article:modified_time\" content=\"2024-04-12T12:02:10+00:00\" \/>\n<meta name=\"twitter:card\" content=\"summary_large_image\" \/>\n<meta name=\"twitter:label1\" content=\"Gesch\u00e4tzte Lesezeit\" \/>\n\t<meta name=\"twitter:data1\" content=\"7\u00a0Minuten\" \/>\n<script type=\"application\/ld+json\" class=\"yoast-schema-graph\">{\"@context\":\"https:\/\/schema.org\",\"@graph\":[{\"@type\":\"WebPage\",\"@id\":\"https:\/\/lunaris.wroclaw.pl\/de\/numerologie-blog\/\",\"url\":\"https:\/\/lunaris.wroclaw.pl\/de\/numerologie-blog\/\",\"name\":\"Numerologie - Blog - Lunaris\",\"isPartOf\":{\"@id\":\"https:\/\/lunaris.wroclaw.pl\/de\/#website\"},\"datePublished\":\"2024-02-16T10:43:33+00:00\",\"dateModified\":\"2024-04-12T12:02:10+00:00\",\"description\":\"Gez\u00e4hlte Momente: ein Blog \u00fcber Numerologie, der die Beziehung zwischen Zahlen und dem t\u00e4glichen Leben beleuchtet!\",\"breadcrumb\":{\"@id\":\"https:\/\/lunaris.wroclaw.pl\/de\/numerologie-blog\/#breadcrumb\"},\"inLanguage\":\"de\",\"potentialAction\":[{\"@type\":\"ReadAction\",\"target\":[\"https:\/\/lunaris.wroclaw.pl\/de\/numerologie-blog\/\"]}]},{\"@type\":\"BreadcrumbList\",\"@id\":\"https:\/\/lunaris.wroclaw.pl\/de\/numerologie-blog\/#breadcrumb\",\"itemListElement\":[{\"@type\":\"ListItem\",\"position\":1,\"name\":\"Strona g\u0142\u00f3wna\",\"item\":\"https:\/\/lunaris.wroclaw.pl\/de\/\"},{\"@type\":\"ListItem\",\"position\":2,\"name\":\"Numerologie &#8211; Blog\"}]},{\"@type\":\"WebSite\",\"@id\":\"https:\/\/lunaris.wroclaw.pl\/de\/#website\",\"url\":\"https:\/\/lunaris.wroclaw.pl\/de\/\",\"name\":\"Lunaris\",\"description\":\"Numerologia\",\"publisher\":{\"@id\":\"https:\/\/lunaris.wroclaw.pl\/de\/#organization\"},\"potentialAction\":[{\"@type\":\"SearchAction\",\"target\":{\"@type\":\"EntryPoint\",\"urlTemplate\":\"https:\/\/lunaris.wroclaw.pl\/de\/?s={search_term_string}\"},\"query-input\":{\"@type\":\"PropertyValueSpecification\",\"valueRequired\":true,\"valueName\":\"search_term_string\"}}],\"inLanguage\":\"de\"},{\"@type\":\"Organization\",\"@id\":\"https:\/\/lunaris.wroclaw.pl\/de\/#organization\",\"name\":\"Lunaris\",\"url\":\"https:\/\/lunaris.wroclaw.pl\/de\/\",\"logo\":{\"@type\":\"ImageObject\",\"inLanguage\":\"de\",\"@id\":\"https:\/\/lunaris.wroclaw.pl\/de\/#\/schema\/logo\/image\/\",\"url\":\"https:\/\/lunaris.wroclaw.pl\/wp-content\/uploads\/2024\/02\/logo-Lunaris.png\",\"contentUrl\":\"https:\/\/lunaris.wroclaw.pl\/wp-content\/uploads\/2024\/02\/logo-Lunaris.png\",\"width\":226,\"height\":150,\"caption\":\"Lunaris\"},\"image\":{\"@id\":\"https:\/\/lunaris.wroclaw.pl\/de\/#\/schema\/logo\/image\/\"},\"sameAs\":[\"https:\/\/www.facebook.com\/lunaris.numerologia\"]}]}<\/script>\n<!-- \/ Yoast SEO plugin. -->","yoast_head_json":{"title":"Numerologie - Blog - Lunaris","description":"Gez\u00e4hlte Momente: ein Blog \u00fcber Numerologie, der die Beziehung zwischen Zahlen und dem t\u00e4glichen Leben beleuchtet!","robots":{"index":"index","follow":"follow","max-snippet":"max-snippet:-1","max-image-preview":"max-image-preview:large","max-video-preview":"max-video-preview:-1"},"canonical":"https:\/\/lunaris.wroclaw.pl\/de\/numerologie-blog\/","og_locale":"de_DE","og_type":"article","og_title":"Numerologie - Blog - Lunaris","og_description":"Gez\u00e4hlte Momente: ein Blog \u00fcber Numerologie, der die Beziehung zwischen Zahlen und dem t\u00e4glichen Leben beleuchtet!","og_url":"https:\/\/lunaris.wroclaw.pl\/de\/numerologie-blog\/","og_site_name":"Lunaris","article_publisher":"https:\/\/www.facebook.com\/lunaris.numerologia","article_modified_time":"2024-04-12T12:02:10+00:00","twitter_card":"summary_large_image","twitter_misc":{"Gesch\u00e4tzte Lesezeit":"7\u00a0Minuten"},"schema":{"@context":"https:\/\/schema.org","@graph":[{"@type":"WebPage","@id":"https:\/\/lunaris.wroclaw.pl\/de\/numerologie-blog\/","url":"https:\/\/lunaris.wroclaw.pl\/de\/numerologie-blog\/","name":"Numerologie - Blog - Lunaris","isPartOf":{"@id":"https:\/\/lunaris.wroclaw.pl\/de\/#website"},"datePublished":"2024-02-16T10:43:33+00:00","dateModified":"2024-04-12T12:02:10+00:00","description":"Gez\u00e4hlte Momente: ein Blog \u00fcber Numerologie, der die Beziehung zwischen Zahlen und dem t\u00e4glichen Leben beleuchtet!","breadcrumb":{"@id":"https:\/\/lunaris.wroclaw.pl\/de\/numerologie-blog\/#breadcrumb"},"inLanguage":"de","potentialAction":[{"@type":"ReadAction","target":["https:\/\/lunaris.wroclaw.pl\/de\/numerologie-blog\/"]}]},{"@type":"BreadcrumbList","@id":"https:\/\/lunaris.wroclaw.pl\/de\/numerologie-blog\/#breadcrumb","itemListElement":[{"@type":"ListItem","position":1,"name":"Strona g\u0142\u00f3wna","item":"https:\/\/lunaris.wroclaw.pl\/de\/"},{"@type":"ListItem","position":2,"name":"Numerologie &#8211; Blog"}]},{"@type":"WebSite","@id":"https:\/\/lunaris.wroclaw.pl\/de\/#website","url":"https:\/\/lunaris.wroclaw.pl\/de\/","name":"Lunaris","description":"Numerologia","publisher":{"@id":"https:\/\/lunaris.wroclaw.pl\/de\/#organization"},"potentialAction":[{"@type":"SearchAction","target":{"@type":"EntryPoint","urlTemplate":"https:\/\/lunaris.wroclaw.pl\/de\/?s={search_term_string}"},"query-input":{"@type":"PropertyValueSpecification","valueRequired":true,"valueName":"search_term_string"}}],"inLanguage":"de"},{"@type":"Organization","@id":"https:\/\/lunaris.wroclaw.pl\/de\/#organization","name":"Lunaris","url":"https:\/\/lunaris.wroclaw.pl\/de\/","logo":{"@type":"ImageObject","inLanguage":"de","@id":"https:\/\/lunaris.wroclaw.pl\/de\/#\/schema\/logo\/image\/","url":"https:\/\/lunaris.wroclaw.pl\/wp-content\/uploads\/2024\/02\/logo-Lunaris.png","contentUrl":"https:\/\/lunaris.wroclaw.pl\/wp-content\/uploads\/2024\/02\/logo-Lunaris.png","width":226,"height":150,"caption":"Lunaris"},"image":{"@id":"https:\/\/lunaris.wroclaw.pl\/de\/#\/schema\/logo\/image\/"},"sameAs":["https:\/\/www.facebook.com\/lunaris.numerologia"]}]}},"_links":{"self":[{"href":"https:\/\/lunaris.wroclaw.pl\/de\/wp-json\/wp\/v2\/pages\/657","targetHints":{"allow":["GET"]}}],"collection":[{"href":"https:\/\/lunaris.wroclaw.pl\/de\/wp-json\/wp\/v2\/pages"}],"about":[{"href":"https:\/\/lunaris.wroclaw.pl\/de\/wp-json\/wp\/v2\/types\/page"}],"author":[{"embeddable":true,"href":"https:\/\/lunaris.wroclaw.pl\/de\/wp-json\/wp\/v2\/users\/1"}],"replies":[{"embeddable":true,"href":"https:\/\/lunaris.wroclaw.pl\/de\/wp-json\/wp\/v2\/comments?post=657"}],"version-history":[{"count":7,"href":"https:\/\/lunaris.wroclaw.pl\/de\/wp-json\/wp\/v2\/pages\/657\/revisions"}],"predecessor-version":[{"id":777,"href":"https:\/\/lunaris.wroclaw.pl\/de\/wp-json\/wp\/v2\/pages\/657\/revisions\/777"}],"wp:attachment":[{"href":"https:\/\/lunaris.wroclaw.pl\/de\/wp-json\/wp\/v2\/media?parent=657"}],"curies":[{"name":"wp","href":"https:\/\/api.w.org\/{rel}","templated":true}]}}