{"id":672,"date":"2024-02-17T16:08:09","date_gmt":"2024-02-17T16:08:09","guid":{"rendered":"https:\/\/lunaris.wroclaw.pl\/geschaeftliche-sitzungen\/"},"modified":"2024-04-11T10:56:47","modified_gmt":"2024-04-11T10:56:47","slug":"geschaeftliche-sitzungen","status":"publish","type":"page","link":"https:\/\/lunaris.wroclaw.pl\/de\/geschaeftliche-sitzungen\/","title":{"rendered":"Gesch\u00e4ftliche Sitzungen"},"content":{"rendered":"[et_pb_section fb_built=&#8220;1&#8243; admin_label=&#8220;Header&#8220; _builder_version=&#8220;4.24.0&#8243; background_image=&#8220;https:\/\/lunaris.wroclaw.pl\/wp-content\/uploads\/2024\/02\/baner-sesje-biznesowe.webp&#8220; custom_padding=&#8220;||16vw||false|false&#8220; global_colors_info=&#8220;{}&#8220;][et_pb_row _builder_version=&#8220;4.16&#8243; global_colors_info=&#8220;{}&#8220;][et_pb_column type=&#8220;4_4&#8243; _builder_version=&#8220;4.16&#8243; global_colors_info=&#8220;{}&#8220;][et_pb_text _builder_version=&#8220;4.24.0&#8243; _module_preset=&#8220;534cc526-6274-4e31-9e1a-7f18a5947bf1&#8243; text_text_color=&#8220;#FFFFFF&#8220; header_4_font=&#8220;Montserrat|700||on|||||&#8220; header_4_text_color=&#8220;#FFFFFF&#8220; header_4_font_size=&#8220;14px&#8220; header_4_letter_spacing=&#8220;4px&#8220; header_4_line_height=&#8220;1.5em&#8220; custom_margin=&#8220;||0px||false|false&#8220; header_4_font_size_tablet=&#8220;&#8220; header_4_font_size_phone=&#8220;11px&#8220; header_4_font_size_last_edited=&#8220;on|phone&#8220; locked=&#8220;off&#8220; global_colors_info=&#8220;{}&#8220;]<h4 style=\"text-align: center\">ANGEBOT<\/h4>[\/et_pb_text][et_pb_text _builder_version=&#8220;4.24.0&#8243; text_font=&#8220;||||||||&#8220; text_font_size=&#8220;17px&#8220; text_line_height=&#8220;1.6em&#8220; header_font=&#8220;Playfair Display||||||||&#8220; header_font_size=&#8220;62px&#8220; text_orientation=&#8220;center&#8220; background_layout=&#8220;dark&#8220; max_width=&#8220;700px&#8220; module_alignment=&#8220;center&#8220; text_font_size_tablet=&#8220;18px&#8220; text_font_size_phone=&#8220;16px&#8220; text_font_size_last_edited=&#8220;on|tablet&#8220; text_line_height_tablet=&#8220;&#8220; text_line_height_phone=&#8220;1.8em&#8220; text_line_height_last_edited=&#8220;on|phone&#8220; header_font_size_tablet=&#8220;56px&#8220; header_font_size_phone=&#8220;44px&#8220; header_font_size_last_edited=&#8220;on|desktop&#8220; global_colors_info=&#8220;{}&#8220;]<h1>Gesch\u00e4ftliche Sitzungen<\/h1>\n<p>&nbsp;<\/p>\n<p>F\u00fcr Unternehmen und Unternehmer biete ich numerologische Business-Sitzungen an, die helfen, das Potenzial und die Herausforderungen der Business-Numerologie zu verstehen. Die numerische Analyse kann als Instrument f\u00fcr strategische Entscheidungen, den Aufbau effizienter Teams und ein besseres Verst\u00e4ndnis von Gesch\u00e4ftsrhythmen und -zyklen eingesetzt werden.<\/p>[\/et_pb_text][\/et_pb_column][\/et_pb_row][\/et_pb_section][et_pb_section fb_built=&#8220;1&#8243; admin_label=&#8220;About&#8220; _builder_version=&#8220;4.16&#8243; background_color=&#8220;#ffffff&#8220; width=&#8220;90%&#8220; custom_margin=&#8220;-12vw||||false|false&#8220; custom_padding=&#8220;|||10vw|false|false&#8220; global_colors_info=&#8220;{}&#8220;][et_pb_row _builder_version=&#8220;4.24.0&#8243; width=&#8220;100%&#8220; locked=&#8220;off&#8220; global_colors_info=&#8220;{}&#8220;][et_pb_column type=&#8220;4_4&#8243; _builder_version=&#8220;4.16&#8243; custom_padding=&#8220;||||false|false&#8220; custom_padding_last_edited=&#8220;off|tablet&#8220; global_colors_info=&#8220;{}&#8220;][et_pb_text _builder_version=&#8220;4.24.0&#8243; header_2_font=&#8220;Playfair Display||||||||&#8220; header_2_font_size=&#8220;45px&#8220; header_2_line_height=&#8220;1.2em&#8220; custom_margin_tablet=&#8220;||||false|false&#8220; custom_margin_last_edited=&#8220;off|tablet&#8220; custom_padding_tablet=&#8220;||||false|false&#8220; custom_padding_last_edited=&#8220;off|tablet&#8220; header_2_font_size_tablet=&#8220;42px&#8220; header_2_font_size_phone=&#8220;30px&#8220; header_2_font_size_last_edited=&#8220;on|phone&#8220; header_2_line_height_tablet=&#8220;&#8220; header_2_line_height_phone=&#8220;1.4em&#8220; header_2_line_height_last_edited=&#8220;on|phone&#8220; locked=&#8220;off&#8220; global_colors_info=&#8220;{}&#8220;]<h2 style=\"text-align: center\">Bauen Sie eine nachhaltige Gesch\u00e4ftsgrundlage mit der Weisheit der Numerologie!<\/h2>[\/et_pb_text][\/et_pb_column][\/et_pb_row][et_pb_row _builder_version=&#8220;4.24.0&#8243; _module_preset=&#8220;default&#8220; global_colors_info=&#8220;{}&#8220;][et_pb_column type=&#8220;4_4&#8243; _builder_version=&#8220;4.24.0&#8243; _module_preset=&#8220;default&#8220; global_colors_info=&#8220;{}&#8220;][et_pb_shop columns_number=&#8220;3&#8243; _builder_version=&#8220;4.24.0&#8243; _module_preset=&#8220;default&#8220; title_font=&#8220;|600|||||||&#8220; title_font_size=&#8220;22px&#8220; price_font_size=&#8220;18px&#8220; hover_enabled=&#8220;0&#8243; border_radii_image=&#8220;on|20px|20px|20px|20px&#8220; global_colors_info=&#8220;{}&#8220; type=&#8220;product_category&#8220; include_categories=&#8220;28&#8243; sticky_enabled=&#8220;0&#8243;][\/et_pb_shop][\/et_pb_column][\/et_pb_row][\/et_pb_section][et_pb_section fb_built=&#8220;1&#8243; _builder_version=&#8220;4.23.4&#8243; _module_preset=&#8220;default&#8220; background_image=&#8220;https:\/\/lunaris.wroclaw.pl\/wp-content\/uploads\/2024\/02\/bg-stopka.webp&#8220; background_position=&#8220;bottom_center&#8220; global_module=&#8220;120&#8243; global_colors_info=&#8220;{}&#8220;][et_pb_row column_structure=&#8220;1_2,1_2&#8243; _builder_version=&#8220;4.23.4&#8243; _module_preset=&#8220;default&#8220; global_colors_info=&#8220;{}&#8220;][et_pb_column type=&#8220;1_2&#8243; _builder_version=&#8220;4.23.4&#8243; _module_preset=&#8220;default&#8220; global_colors_info=&#8220;{}&#8220;][et_pb_image src=&#8220;https:\/\/lunaris.wroclaw.pl\/wp-content\/uploads\/2024\/02\/Lunaris-stopka.png&#8220; alt=&#8220;Lunaris&#8220; title_text=&#8220;Lunaris&#8220; _builder_version=&#8220;4.24.0&#8243; _module_preset=&#8220;default&#8220; global_colors_info=&#8220;{}&#8220;][\/et_pb_image][\/et_pb_column][et_pb_column type=&#8220;1_2&#8243; _builder_version=&#8220;4.23.4&#8243; _module_preset=&#8220;default&#8220; global_colors_info=&#8220;{}&#8220;][et_pb_text _builder_version=&#8220;4.23.4&#8243; _module_preset=&#8220;default&#8220; header_5_font=&#8220;Playfair Display||||||||&#8220; header_5_text_align=&#8220;center&#8220; header_5_text_color=&#8220;gcid-742a04a5-09f0-4c6f-a5d8-902537bc2d85&#8243; header_5_font_size=&#8220;42px&#8220; header_5_line_height=&#8220;1.3em&#8220; animation_style=&#8220;fade&#8220; global_colors_info=&#8220;{%22gcid-742a04a5-09f0-4c6f-a5d8-902537bc2d85%22:%91%22header_5_text_color%22%93}&#8220;]<h5>Ver\u00e4ndern Sie Ihr Leben mit der Weisheit der Numerologie!<\/h5>[\/et_pb_text][\/et_pb_column][\/et_pb_row][et_pb_row column_structure=&#8220;1_3,1_3,1_3&#8243; _builder_version=&#8220;4.23.4&#8243; _module_preset=&#8220;default&#8220; global_colors_info=&#8220;{}&#8220;][et_pb_column type=&#8220;1_3&#8243; _builder_version=&#8220;4.23.4&#8243; _module_preset=&#8220;default&#8220; global_colors_info=&#8220;{}&#8220;][et_pb_text _builder_version=&#8220;4.23.4&#8243; _module_preset=&#8220;default&#8220; header_4_font=&#8220;Playfair Display||||||||&#8220; header_4_text_color=&#8220;#FFFFFF&#8220; header_4_font_size=&#8220;28px&#8220; text_orientation=&#8220;center&#8220; header_4_font_size_tablet=&#8220;28px&#8220; header_4_font_size_phone=&#8220;28px&#8220; header_4_font_size_last_edited=&#8220;on|phone&#8220; global_colors_info=&#8220;{}&#8220;]<h4>Adresse<\/h4>[\/et_pb_text][et_pb_text _builder_version=&#8220;4.23.4&#8243; _module_preset=&#8220;default&#8220; text_text_color=&#8220;#FFFFFF&#8220; global_colors_info=&#8220;{}&#8220;]<p style=\"text-align: center\">57-300 Breslau (Wroc\u0142aw)<\/p>\n<p style=\"text-align: center\">ul. Lorem ipsum 22<\/p>[\/et_pb_text][\/et_pb_column][et_pb_column type=&#8220;1_3&#8243; _builder_version=&#8220;4.23.4&#8243; _module_preset=&#8220;default&#8220; global_colors_info=&#8220;{}&#8220;][et_pb_text _builder_version=&#8220;4.23.4&#8243; _module_preset=&#8220;default&#8220; header_4_font=&#8220;Playfair Display||||||||&#8220; header_4_text_color=&#8220;#FFFFFF&#8220; header_4_font_size=&#8220;28px&#8220; text_orientation=&#8220;center&#8220; header_4_font_size_tablet=&#8220;28px&#8220; header_4_font_size_phone=&#8220;28px&#8220; header_4_font_size_last_edited=&#8220;on|phone&#8220; global_colors_info=&#8220;{}&#8220;]<h4>Soziale Medien<\/h4>[\/et_pb_text][et_pb_social_media_follow _builder_version=&#8220;4.23.4&#8243; _module_preset=&#8220;default&#8220; text_orientation=&#8220;center&#8220; global_colors_info=&#8220;{}&#8220;][et_pb_social_media_follow_network social_network=&#8220;facebook&#8220; _builder_version=&#8220;4.23.4&#8243; _module_preset=&#8220;default&#8220; background_color=&#8220;#3b5998&#8243; global_colors_info=&#8220;{}&#8220; follow_button=&#8220;off&#8220; url_new_window=&#8220;on&#8220;]facebook[\/et_pb_social_media_follow_network][et_pb_social_media_follow_network social_network=&#8220;instagram&#8220; _builder_version=&#8220;4.23.4&#8243; _module_preset=&#8220;default&#8220; background_color=&#8220;#ea2c59&#8243; global_colors_info=&#8220;{}&#8220; follow_button=&#8220;off&#8220; url_new_window=&#8220;on&#8220;]instagram[\/et_pb_social_media_follow_network][\/et_pb_social_media_follow][\/et_pb_column][et_pb_column type=&#8220;1_3&#8243; _builder_version=&#8220;4.23.4&#8243; _module_preset=&#8220;default&#8220; global_colors_info=&#8220;{}&#8220;][et_pb_text _builder_version=&#8220;4.23.4&#8243; _module_preset=&#8220;default&#8220; header_4_font=&#8220;Playfair Display||||||||&#8220; header_4_text_color=&#8220;#FFFFFF&#8220; header_4_font_size=&#8220;28px&#8220; text_orientation=&#8220;center&#8220; header_4_font_size_tablet=&#8220;28px&#8220; header_4_font_size_phone=&#8220;28px&#8220; header_4_font_size_last_edited=&#8220;on|phone&#8220; global_colors_info=&#8220;{}&#8220;]<h4>Kontakt<\/h4>[\/et_pb_text][et_pb_text _builder_version=&#8220;4.24.0&#8243; _module_preset=&#8220;default&#8220; text_text_color=&#8220;#FFFFFF&#8220; global_colors_info=&#8220;{}&#8220;]<p style=\"text-align: center\">Tel. 695 695 695<\/p>\n<p style=\"text-align: center\">E-Mail: kontakt@lunaris.wroclaw.pl<\/p>[\/et_pb_text][\/et_pb_column][\/et_pb_row][\/et_pb_section]","protected":false},"excerpt":{"rendered":"<p>ANGEBOTGesch\u00e4ftliche Sitzungen &nbsp; F\u00fcr Unternehmen und Unternehmer biete ich numerologische Business-Sitzungen an, die helfen, das Potenzial und die Herausforderungen der Business-Numerologie zu verstehen. Die numerische Analyse kann als Instrument f\u00fcr strategische Entscheidungen, den Aufbau effizienter Teams und ein besseres Verst\u00e4ndnis von Gesch\u00e4ftsrhythmen und -zyklen eingesetzt werden.Bauen Sie eine nachhaltige Gesch\u00e4ftsgrundlage mit der Weisheit der Numerologie!Ver\u00e4ndern [&hellip;]<\/p>\n","protected":false},"author":1,"featured_media":0,"parent":0,"menu_order":0,"comment_status":"closed","ping_status":"closed","template":"","meta":{"_et_pb_use_builder":"on","_et_pb_old_content":"","_et_gb_content_width":"","footnotes":""},"class_list":["post-672","page","type-page","status-publish","hentry"],"yoast_head":"<!-- This site is optimized with the Yoast SEO plugin v24.1 - https:\/\/yoast.com\/wordpress\/plugins\/seo\/ -->\n<title>Numerologie  %<\/title>\n<meta name=\"description\" content=\"F\u00fcr Unternehmen biete ich numerologische Business-Sitzungen an, die helfen, das Potenzial und die Herausforderungen der Business-Numerologie zu verstehen.\" \/>\n<meta name=\"robots\" content=\"index, follow, max-snippet:-1, max-image-preview:large, max-video-preview:-1\" \/>\n<link rel=\"canonical\" href=\"https:\/\/lunaris.wroclaw.pl\/de\/geschaeftliche-sitzungen\/\" \/>\n<meta property=\"og:locale\" content=\"de_DE\" \/>\n<meta property=\"og:type\" content=\"article\" \/>\n<meta property=\"og:title\" content=\"Numerologie  %\" \/>\n<meta property=\"og:description\" content=\"F\u00fcr Unternehmen biete ich numerologische Business-Sitzungen an, die helfen, das Potenzial und die Herausforderungen der Business-Numerologie zu verstehen.\" \/>\n<meta property=\"og:url\" content=\"https:\/\/lunaris.wroclaw.pl\/de\/geschaeftliche-sitzungen\/\" \/>\n<meta property=\"og:site_name\" content=\"Lunaris\" \/>\n<meta property=\"article:publisher\" content=\"https:\/\/www.facebook.com\/lunaris.numerologia\" \/>\n<meta property=\"article:modified_time\" content=\"2024-04-11T10:56:47+00:00\" \/>\n<meta name=\"twitter:card\" content=\"summary_large_image\" \/>\n<meta name=\"twitter:label1\" content=\"Gesch\u00e4tzte Lesezeit\" \/>\n\t<meta name=\"twitter:data1\" content=\"5\u00a0Minuten\" \/>\n<script type=\"application\/ld+json\" class=\"yoast-schema-graph\">{\"@context\":\"https:\/\/schema.org\",\"@graph\":[{\"@type\":\"WebPage\",\"@id\":\"https:\/\/lunaris.wroclaw.pl\/de\/geschaeftliche-sitzungen\/\",\"url\":\"https:\/\/lunaris.wroclaw.pl\/de\/geschaeftliche-sitzungen\/\",\"name\":\"Numerologie %\",\"isPartOf\":{\"@id\":\"https:\/\/lunaris.wroclaw.pl\/de\/#website\"},\"datePublished\":\"2024-02-17T16:08:09+00:00\",\"dateModified\":\"2024-04-11T10:56:47+00:00\",\"description\":\"F\u00fcr Unternehmen biete ich numerologische Business-Sitzungen an, die helfen, das Potenzial und die Herausforderungen der Business-Numerologie zu verstehen.\",\"breadcrumb\":{\"@id\":\"https:\/\/lunaris.wroclaw.pl\/de\/geschaeftliche-sitzungen\/#breadcrumb\"},\"inLanguage\":\"de\",\"potentialAction\":[{\"@type\":\"ReadAction\",\"target\":[\"https:\/\/lunaris.wroclaw.pl\/de\/geschaeftliche-sitzungen\/\"]}]},{\"@type\":\"BreadcrumbList\",\"@id\":\"https:\/\/lunaris.wroclaw.pl\/de\/geschaeftliche-sitzungen\/#breadcrumb\",\"itemListElement\":[{\"@type\":\"ListItem\",\"position\":1,\"name\":\"Strona g\u0142\u00f3wna\",\"item\":\"https:\/\/lunaris.wroclaw.pl\/de\/\"},{\"@type\":\"ListItem\",\"position\":2,\"name\":\"Gesch\u00e4ftliche Sitzungen\"}]},{\"@type\":\"WebSite\",\"@id\":\"https:\/\/lunaris.wroclaw.pl\/de\/#website\",\"url\":\"https:\/\/lunaris.wroclaw.pl\/de\/\",\"name\":\"Lunaris\",\"description\":\"Numerologia\",\"publisher\":{\"@id\":\"https:\/\/lunaris.wroclaw.pl\/de\/#organization\"},\"potentialAction\":[{\"@type\":\"SearchAction\",\"target\":{\"@type\":\"EntryPoint\",\"urlTemplate\":\"https:\/\/lunaris.wroclaw.pl\/de\/?s={search_term_string}\"},\"query-input\":{\"@type\":\"PropertyValueSpecification\",\"valueRequired\":true,\"valueName\":\"search_term_string\"}}],\"inLanguage\":\"de\"},{\"@type\":\"Organization\",\"@id\":\"https:\/\/lunaris.wroclaw.pl\/de\/#organization\",\"name\":\"Lunaris\",\"url\":\"https:\/\/lunaris.wroclaw.pl\/de\/\",\"logo\":{\"@type\":\"ImageObject\",\"inLanguage\":\"de\",\"@id\":\"https:\/\/lunaris.wroclaw.pl\/de\/#\/schema\/logo\/image\/\",\"url\":\"https:\/\/lunaris.wroclaw.pl\/wp-content\/uploads\/2024\/02\/logo-Lunaris.png\",\"contentUrl\":\"https:\/\/lunaris.wroclaw.pl\/wp-content\/uploads\/2024\/02\/logo-Lunaris.png\",\"width\":226,\"height\":150,\"caption\":\"Lunaris\"},\"image\":{\"@id\":\"https:\/\/lunaris.wroclaw.pl\/de\/#\/schema\/logo\/image\/\"},\"sameAs\":[\"https:\/\/www.facebook.com\/lunaris.numerologia\"]}]}<\/script>\n<!-- \/ Yoast SEO plugin. -->","yoast_head_json":{"title":"Numerologie  %","description":"F\u00fcr Unternehmen biete ich numerologische Business-Sitzungen an, die helfen, das Potenzial und die Herausforderungen der Business-Numerologie zu verstehen.","robots":{"index":"index","follow":"follow","max-snippet":"max-snippet:-1","max-image-preview":"max-image-preview:large","max-video-preview":"max-video-preview:-1"},"canonical":"https:\/\/lunaris.wroclaw.pl\/de\/geschaeftliche-sitzungen\/","og_locale":"de_DE","og_type":"article","og_title":"Numerologie  %","og_description":"F\u00fcr Unternehmen biete ich numerologische Business-Sitzungen an, die helfen, das Potenzial und die Herausforderungen der Business-Numerologie zu verstehen.","og_url":"https:\/\/lunaris.wroclaw.pl\/de\/geschaeftliche-sitzungen\/","og_site_name":"Lunaris","article_publisher":"https:\/\/www.facebook.com\/lunaris.numerologia","article_modified_time":"2024-04-11T10:56:47+00:00","twitter_card":"summary_large_image","twitter_misc":{"Gesch\u00e4tzte Lesezeit":"5\u00a0Minuten"},"schema":{"@context":"https:\/\/schema.org","@graph":[{"@type":"WebPage","@id":"https:\/\/lunaris.wroclaw.pl\/de\/geschaeftliche-sitzungen\/","url":"https:\/\/lunaris.wroclaw.pl\/de\/geschaeftliche-sitzungen\/","name":"Numerologie %","isPartOf":{"@id":"https:\/\/lunaris.wroclaw.pl\/de\/#website"},"datePublished":"2024-02-17T16:08:09+00:00","dateModified":"2024-04-11T10:56:47+00:00","description":"F\u00fcr Unternehmen biete ich numerologische Business-Sitzungen an, die helfen, das Potenzial und die Herausforderungen der Business-Numerologie zu verstehen.","breadcrumb":{"@id":"https:\/\/lunaris.wroclaw.pl\/de\/geschaeftliche-sitzungen\/#breadcrumb"},"inLanguage":"de","potentialAction":[{"@type":"ReadAction","target":["https:\/\/lunaris.wroclaw.pl\/de\/geschaeftliche-sitzungen\/"]}]},{"@type":"BreadcrumbList","@id":"https:\/\/lunaris.wroclaw.pl\/de\/geschaeftliche-sitzungen\/#breadcrumb","itemListElement":[{"@type":"ListItem","position":1,"name":"Strona g\u0142\u00f3wna","item":"https:\/\/lunaris.wroclaw.pl\/de\/"},{"@type":"ListItem","position":2,"name":"Gesch\u00e4ftliche Sitzungen"}]},{"@type":"WebSite","@id":"https:\/\/lunaris.wroclaw.pl\/de\/#website","url":"https:\/\/lunaris.wroclaw.pl\/de\/","name":"Lunaris","description":"Numerologia","publisher":{"@id":"https:\/\/lunaris.wroclaw.pl\/de\/#organization"},"potentialAction":[{"@type":"SearchAction","target":{"@type":"EntryPoint","urlTemplate":"https:\/\/lunaris.wroclaw.pl\/de\/?s={search_term_string}"},"query-input":{"@type":"PropertyValueSpecification","valueRequired":true,"valueName":"search_term_string"}}],"inLanguage":"de"},{"@type":"Organization","@id":"https:\/\/lunaris.wroclaw.pl\/de\/#organization","name":"Lunaris","url":"https:\/\/lunaris.wroclaw.pl\/de\/","logo":{"@type":"ImageObject","inLanguage":"de","@id":"https:\/\/lunaris.wroclaw.pl\/de\/#\/schema\/logo\/image\/","url":"https:\/\/lunaris.wroclaw.pl\/wp-content\/uploads\/2024\/02\/logo-Lunaris.png","contentUrl":"https:\/\/lunaris.wroclaw.pl\/wp-content\/uploads\/2024\/02\/logo-Lunaris.png","width":226,"height":150,"caption":"Lunaris"},"image":{"@id":"https:\/\/lunaris.wroclaw.pl\/de\/#\/schema\/logo\/image\/"},"sameAs":["https:\/\/www.facebook.com\/lunaris.numerologia"]}]}},"_links":{"self":[{"href":"https:\/\/lunaris.wroclaw.pl\/de\/wp-json\/wp\/v2\/pages\/672","targetHints":{"allow":["GET"]}}],"collection":[{"href":"https:\/\/lunaris.wroclaw.pl\/de\/wp-json\/wp\/v2\/pages"}],"about":[{"href":"https:\/\/lunaris.wroclaw.pl\/de\/wp-json\/wp\/v2\/types\/page"}],"author":[{"embeddable":true,"href":"https:\/\/lunaris.wroclaw.pl\/de\/wp-json\/wp\/v2\/users\/1"}],"replies":[{"embeddable":true,"href":"https:\/\/lunaris.wroclaw.pl\/de\/wp-json\/wp\/v2\/comments?post=672"}],"version-history":[{"count":2,"href":"https:\/\/lunaris.wroclaw.pl\/de\/wp-json\/wp\/v2\/pages\/672\/revisions"}],"predecessor-version":[{"id":674,"href":"https:\/\/lunaris.wroclaw.pl\/de\/wp-json\/wp\/v2\/pages\/672\/revisions\/674"}],"wp:attachment":[{"href":"https:\/\/lunaris.wroclaw.pl\/de\/wp-json\/wp\/v2\/media?parent=672"}],"curies":[{"name":"wp","href":"https:\/\/api.w.org\/{rel}","templated":true}]}}