{"id":678,"date":"2024-02-17T08:04:35","date_gmt":"2024-02-17T08:04:35","guid":{"rendered":"https:\/\/lunaris.wroclaw.pl\/einzelne-sitzungen\/"},"modified":"2024-04-11T10:57:26","modified_gmt":"2024-04-11T10:57:26","slug":"einzelne-sitzungen","status":"publish","type":"page","link":"https:\/\/lunaris.wroclaw.pl\/de\/einzelne-sitzungen\/","title":{"rendered":"Einzelne Sitzungen"},"content":{"rendered":"[et_pb_section fb_built=&#8220;1&#8243; admin_label=&#8220;Header&#8220; _builder_version=&#8220;4.24.0&#8243; background_image=&#8220;https:\/\/lunaris.wroclaw.pl\/wp-content\/uploads\/2024\/02\/sesje-indywidualne-numerologia.webp&#8220; background_position=&#8220;top_center&#8220; background_vertical_offset=&#8220;58%&#8220; custom_padding=&#8220;||16vw||false|false&#8220; global_colors_info=&#8220;{}&#8220;][et_pb_row _builder_version=&#8220;4.16&#8243; global_colors_info=&#8220;{}&#8220;][et_pb_column type=&#8220;4_4&#8243; _builder_version=&#8220;4.16&#8243; global_colors_info=&#8220;{}&#8220;][et_pb_text _builder_version=&#8220;4.24.0&#8243; _module_preset=&#8220;534cc526-6274-4e31-9e1a-7f18a5947bf1&#8243; text_text_color=&#8220;#FFFFFF&#8220; header_4_font=&#8220;Montserrat|700||on|||||&#8220; header_4_text_color=&#8220;#FFFFFF&#8220; header_4_font_size=&#8220;14px&#8220; header_4_letter_spacing=&#8220;4px&#8220; header_4_line_height=&#8220;1.5em&#8220; custom_margin=&#8220;||0px||false|false&#8220; header_4_font_size_tablet=&#8220;&#8220; header_4_font_size_phone=&#8220;11px&#8220; header_4_font_size_last_edited=&#8220;on|phone&#8220; locked=&#8220;off&#8220; global_colors_info=&#8220;{}&#8220;]<h4 style=\"text-align: center;\">ANGEBOT<\/h4>[\/et_pb_text][et_pb_text _builder_version=&#8220;4.24.0&#8243; text_font=&#8220;||||||||&#8220; text_font_size=&#8220;17px&#8220; text_line_height=&#8220;1.6em&#8220; header_font=&#8220;Playfair Display||||||||&#8220; header_font_size=&#8220;62px&#8220; text_orientation=&#8220;center&#8220; background_layout=&#8220;dark&#8220; max_width=&#8220;700px&#8220; module_alignment=&#8220;center&#8220; text_font_size_tablet=&#8220;18px&#8220; text_font_size_phone=&#8220;16px&#8220; text_font_size_last_edited=&#8220;on|tablet&#8220; text_line_height_tablet=&#8220;&#8220; text_line_height_phone=&#8220;1.8em&#8220; text_line_height_last_edited=&#8220;on|phone&#8220; header_font_size_tablet=&#8220;56px&#8220; header_font_size_phone=&#8220;44px&#8220; header_font_size_last_edited=&#8220;on|desktop&#8220; global_colors_info=&#8220;{}&#8220;]<h1>Einzelne Sitzungen<\/h1>\n<p>&nbsp;<\/p>\n<p>F\u00fcr diejenigen, die ein tiefes Verst\u00e4ndnis f\u00fcr sich selbst und ihren Lebensweg suchen, biete ich Einzelsitzungen an. Dabei werden Sie eine numerologische Analyse erleben, die einzigartige Aspekte Ihrer Pers\u00f6nlichkeit, Ihrer Beziehungen und Ihrer potenziellen Lebenswege beleuchten wird. Entdecken Sie, wie Zahlen der Schl\u00fcssel zu einer besseren Selbsterkenntnis und einem erf\u00fcllten Leben sein k\u00f6nnen.<\/p>[\/et_pb_text][\/et_pb_column][\/et_pb_row][\/et_pb_section][et_pb_section fb_built=&#8220;1&#8243; admin_label=&#8220;About&#8220; _builder_version=&#8220;4.16&#8243; background_color=&#8220;#ffffff&#8220; width=&#8220;90%&#8220; custom_margin=&#8220;-12vw||||false|false&#8220; custom_padding=&#8220;|||10vw|false|false&#8220; global_colors_info=&#8220;{}&#8220;][et_pb_row _builder_version=&#8220;4.24.0&#8243; width=&#8220;100%&#8220; locked=&#8220;off&#8220; global_colors_info=&#8220;{}&#8220;][et_pb_column type=&#8220;4_4&#8243; _builder_version=&#8220;4.16&#8243; custom_padding=&#8220;||||false|false&#8220; custom_padding_last_edited=&#8220;off|tablet&#8220; global_colors_info=&#8220;{}&#8220;][et_pb_text _builder_version=&#8220;4.24.0&#8243; header_2_font=&#8220;Playfair Display||||||||&#8220; header_2_font_size=&#8220;45px&#8220; header_2_line_height=&#8220;1.2em&#8220; custom_margin_tablet=&#8220;||||false|false&#8220; custom_margin_last_edited=&#8220;off|tablet&#8220; custom_padding_tablet=&#8220;||||false|false&#8220; custom_padding_last_edited=&#8220;off|tablet&#8220; header_2_font_size_tablet=&#8220;42px&#8220; header_2_font_size_phone=&#8220;30px&#8220; header_2_font_size_last_edited=&#8220;on|phone&#8220; header_2_line_height_tablet=&#8220;&#8220; header_2_line_height_phone=&#8220;1.4em&#8220; header_2_line_height_last_edited=&#8220;on|phone&#8220; locked=&#8220;off&#8220; global_colors_info=&#8220;{}&#8220;]<h2 style=\"text-align: center;\">Entdecken Sie die Macht Ihrer Zahlen<\/h2>\n<p style=\"text-align: center;\"><em><\/em><\/p>[\/et_pb_text][\/et_pb_column][\/et_pb_row][et_pb_row _builder_version=&#8220;4.24.0&#8243; _module_preset=&#8220;default&#8220; global_colors_info=&#8220;{}&#8220;][et_pb_column type=&#8220;4_4&#8243; _builder_version=&#8220;4.24.0&#8243; _module_preset=&#8220;default&#8220; global_colors_info=&#8220;{}&#8220;][et_pb_shop type=&#8220;product_category&#8220; include_categories=&#8220;24&#8243; columns_number=&#8220;3&#8243; _builder_version=&#8220;4.24.0&#8243; _module_preset=&#8220;default&#8220; title_font=&#8220;|600|||||||&#8220; title_font_size=&#8220;22px&#8220; price_font_size=&#8220;18px&#8220; border_radii_image=&#8220;on|20px|20px|20px|20px&#8220; global_colors_info=&#8220;{}&#8220;][\/et_pb_shop][\/et_pb_column][\/et_pb_row][\/et_pb_section][et_pb_section fb_built=&#8220;1&#8243; admin_label=&#8220;Details&#8220; _builder_version=&#8220;4.24.0&#8243; global_colors_info=&#8220;{}&#8220; global_module=&#8220;390&#8243; theme_builder_area=&#8220;post_content&#8220;][et_pb_row column_structure=&#8220;2_5,3_5&#8243; _builder_version=&#8220;4.24.0&#8243; global_colors_info=&#8220;{}&#8220; theme_builder_area=&#8220;post_content&#8220;][et_pb_column type=&#8220;2_5&#8243; _builder_version=&#8220;4.24.0&#8243; background_color=&#8220;#ededed&#8220; custom_padding=&#8220;80px|50px|80px||true|false&#8220; custom_padding_tablet=&#8220;&#8220; custom_padding_phone=&#8220;50px|30px|50px||true|false&#8220; custom_padding_last_edited=&#8220;on|tablet&#8220; box_shadow_style=&#8220;preset4&#8243; box_shadow_horizontal=&#8220;-16vw&#8220; box_shadow_vertical=&#8220;0px&#8220; box_shadow_color=&#8220;#ededed&#8220; global_colors_info=&#8220;{}&#8220; theme_builder_area=&#8220;post_content&#8220;][et_pb_text _builder_version=&#8220;4.24.0&#8243; header_2_font=&#8220;Playfair Display|600|||||||&#8220; header_2_font_size=&#8220;56px&#8220; header_2_line_height=&#8220;1.2em&#8220; header_2_font_size_tablet=&#8220;50px&#8220; header_2_font_size_phone=&#8220;44px&#8220; header_2_font_size_last_edited=&#8220;on|desktop&#8220; header_2_line_height_tablet=&#8220;&#8220; header_2_line_height_phone=&#8220;1.4em&#8220; header_2_line_height_last_edited=&#8220;on|phone&#8220; locked=&#8220;off&#8220; global_colors_info=&#8220;{}&#8220; theme_builder_area=&#8220;post_content&#8220;]<h2>Fragen<br>und Antworten<\/h2>[\/et_pb_text][\/et_pb_column][et_pb_column type=&#8220;3_5&#8243; _builder_version=&#8220;4.16&#8243; border_width_all=&#8220;2px&#8220; global_colors_info=&#8220;{}&#8220; theme_builder_area=&#8220;post_content&#8220;][et_pb_accordion closed_toggle_background_color=&#8220;rgba(0,0,0,0)&#8220; icon_color=&#8220;#2a2a2a&#8220; _builder_version=&#8220;4.24.0&#8243; toggle_font=&#8220;|600|||||||&#8220; toggle_font_size=&#8220;18px&#8220; toggle_line_height=&#8220;1.4em&#8220; body_font_size=&#8220;15px&#8220; custom_padding=&#8220;||||false|true&#8220; toggle_font_size_tablet=&#8220;&#8220; toggle_font_size_phone=&#8220;16px&#8220; toggle_font_size_last_edited=&#8220;on|phone&#8220; body_font_size_tablet=&#8220;&#8220; body_font_size_phone=&#8220;14px&#8220; body_font_size_last_edited=&#8220;on|phone&#8220; border_width_all=&#8220;0px&#8220; border_width_bottom=&#8220;2px&#8220; border_color_bottom=&#8220;#000000&#8243; global_colors_info=&#8220;{}&#8220; theme_builder_area=&#8220;post_content&#8220;][et_pb_accordion_item title=&#8220;Wenn ich das Angebot wahrnehmen und ein numerologisches Portr\u00e4t erstellen m\u00f6chte, welche Daten sollte ich angeben?&#8220; open=&#8220;on&#8220; _builder_version=&#8220;4.24.0&#8243; global_colors_info=&#8220;{}&#8220; theme_builder_area=&#8220;post_content&#8220;]<p>Um ein numerologisches Portr\u00e4t erstellen zu k\u00f6nnen, sind folgende Daten notwendig:<\/p>\n<p><strong>Minimum<\/strong>: Geburtsdatum<br><strong>Erg\u00e4nzend<\/strong>: Vor- und Nachname, sowie der Name aus der Best\u00e4tigung.<\/p>\n<p>In der Praxis k\u00f6nnen die Daten jederzeit erg\u00e4nzt werden, wenn zus\u00e4tzliche Fragen von Interesse untersucht werden sollen.<br>Das Portr\u00e4t ist von mir pers\u00f6nlich geschrieben, es wird nicht von einem Programm generiert, auch bleiben wir in pers\u00f6nlichem Kontakt<\/p>[\/et_pb_accordion_item][et_pb_accordion_item title=&#8220;Welche Themen werden im numerologischen Portr\u00e4t angesprochen?&#8220; _builder_version=&#8220;4.24.0&#8243; global_colors_info=&#8220;{}&#8220; theme_builder_area=&#8220;post_content&#8220; open=&#8220;off&#8220;]<p><strong>Anhand unseres Geburtsdatums lernen wir die St\u00e4rken unserer Pers\u00f6nlichkeit kennen<\/strong>. So lernen wir, wie man sie richtig einsetzt.<br>Wenn wir etwas \u00fcber unsere fr\u00fcheren Inkarnationen erfahren, erkennen wir, welchen Einfluss sie auf unser jetziges Leben haben.<\/p>\n<p><strong>Durch das Studium der Beziehungsnumerologie<\/strong> und die Betrachtung der Daten der Menschen, die uns am n\u00e4chsten stehen, k\u00f6nnen wir erkennen, wer uns bereits begleitet hat und welche Herausforderungen wir in dieser Inkarnation zu bew\u00e4ltigen haben. Wir lernen die Lektionen f\u00fcr dieses Leben, und dabei machen wir uns mit den Ereignissen vertraut, die in den kommenden Jahren eintreten k\u00f6nnen.<\/p>\n<p>Andererseits <strong>lernen wir aus den Namen, wie wir in diesem Leben verwirklicht werden<\/strong>. Hier erfahren wir auch, was unsere vorherige Inkarnation war, und lernen die Bed\u00fcrfnisse unserer Seele f\u00fcr diese Inkarnation kennen.  <\/p>\n<p>Wir werden uns unserer Ziele bewusst, wir betrachten unser Privat- und Berufsleben und unsere Reaktionen auf die Umst\u00e4nde.<\/p>[\/et_pb_accordion_item][et_pb_accordion_item title=&#8220;Wie l\u00e4uft der gesamte Prozess der Beschaffung eines solchen Portr\u00e4ts ab?&#8220; _builder_version=&#8220;4.24.0&#8243; global_colors_info=&#8220;{}&#8220; theme_builder_area=&#8220;post_content&#8220; open=&#8220;off&#8220;]<p><strong>Auf der Grundlage der gewonnenen Daten erstelle ich ein numerologisches Portr\u00e4t<\/strong>.<\/p>\n<p>Das Ganze wird in einer zug\u00e4nglichen Form gestaltet: Sowohl eine Papierform &#8211; insbesondere wenn es sich beispielsweise um ein Erinnerungsgeschenk handelt &#8211; als auch eine elektronische Form sind akzeptabel.<\/p>\n<p>Je nachdem, welche Form der Kommunikation die Person bevorzugt, passt er den Kommunikationskanal an &#8211; wir k\u00f6nnen pers\u00f6nlich, telefonisch oder schriftlich sprechen.  <br>Das liegt daran, dass nicht jeder den Mut hat, dar\u00fcber zu sprechen, und dass es immer wieder Fragen oder Missverst\u00e4ndnisse zu bestimmten Themen geben kann.<\/p>\n<p>Das Wichtigste <strong>f\u00fcr mich ist, dass sich jeder umsorgt f\u00fchlt und nicht mit dem Portr\u00e4t allein gelassen wird<\/strong> &#8211; denn jeder von uns befindet sich auf einer anderen Stufe der geistigen Entwicklung.<\/p>[\/et_pb_accordion_item][et_pb_accordion_item title=&#8220;Wie lange ist die Wartezeit?&#8220; _builder_version=&#8220;4.24.0&#8243; global_colors_info=&#8220;{}&#8220; theme_builder_area=&#8220;post_content&#8220; open=&#8220;off&#8220;]<p>Der Prozess der Erstellung eines numerologischen Portr\u00e4ts dauert mehrere Stunden.<br>Diese Zeit ist nicht kontinuierlich, da jede Energie verbraucht werden muss. Sie wird also \u00fcber mehrere Tage verteilt. Anhand des Geburtsdatums l\u00e4sst sich feststellen, dass sie &#8222;arbeitet&#8220;.<\/p>\n<p>Wir befassen uns mit weiteren Aspekten des Lebens und ziehen verantwortungsbewusst Schlussfolgerungen. Die Ethik erlaubt es mir nicht, ein Portr\u00e4t auf oberfl\u00e4chliche Weise zu schreiben &#8211; die Macht der Worte schwingt in mir mit und ich f\u00fchle mich f\u00fcr jeden Satz, den ich schreibe, verantwortlich.<\/p>\n<p>Ebenso m\u00f6chte ich, bevor ich jemandem mitteile, was ich f\u00fchle, sicher sein, dass diese Person daran wachsen kann und das Gef\u00fchl hat, dass ich mich um sie k\u00fcmmern kann, dass sie damit nicht allein gelassen wird.<\/p>\n<p>Im Laufe der Jahre habe ich mit verschiedenen Kommunikationsblockaden gearbeitet, und ich wei\u00df, dass jede Form des Ausdrucks unserer Gedanken und Gef\u00fchle gut ist, wir m\u00fcssen uns nur mitteilen oder dar\u00fcber schreiben. Nicht jeder ist extrovertiert, und das muss respektiert werden.<\/p>[\/et_pb_accordion_item][et_pb_accordion_item title=&#8220;Was ist, wenn ich nicht sicher bin, welches Angebot ich w\u00e4hlen soll?&#8220; _builder_version=&#8220;4.24.0&#8243; global_colors_info=&#8220;{}&#8220; theme_builder_area=&#8220;post_content&#8220; open=&#8220;off&#8220;]<p>Ich schlage vor, dass Sie sich mit mir in Verbindung setzen, und dann werden wir versuchen, die beste L\u00f6sung zu finden.  <\/p>[\/et_pb_accordion_item][\/et_pb_accordion][\/et_pb_column][\/et_pb_row][\/et_pb_section][et_pb_section fb_built=&#8220;1&#8243; _builder_version=&#8220;4.23.4&#8243; _module_preset=&#8220;default&#8220; background_image=&#8220;https:\/\/lunaris.wroclaw.pl\/wp-content\/uploads\/2024\/02\/bg-stopka.webp&#8220; background_position=&#8220;bottom_center&#8220; global_module=&#8220;120&#8243; global_colors_info=&#8220;{}&#8220;][et_pb_row column_structure=&#8220;1_2,1_2&#8243; _builder_version=&#8220;4.23.4&#8243; _module_preset=&#8220;default&#8220; global_colors_info=&#8220;{}&#8220;][et_pb_column type=&#8220;1_2&#8243; _builder_version=&#8220;4.23.4&#8243; _module_preset=&#8220;default&#8220; global_colors_info=&#8220;{}&#8220;][et_pb_image src=&#8220;https:\/\/lunaris.wroclaw.pl\/wp-content\/uploads\/2024\/02\/Lunaris-stopka.png&#8220; alt=&#8220;Lunaris&#8220; title_text=&#8220;Lunaris&#8220; _builder_version=&#8220;4.24.0&#8243; _module_preset=&#8220;default&#8220; global_colors_info=&#8220;{}&#8220;][\/et_pb_image][\/et_pb_column][et_pb_column type=&#8220;1_2&#8243; _builder_version=&#8220;4.23.4&#8243; _module_preset=&#8220;default&#8220; global_colors_info=&#8220;{}&#8220;][et_pb_text _builder_version=&#8220;4.23.4&#8243; _module_preset=&#8220;default&#8220; header_5_font=&#8220;Playfair Display||||||||&#8220; header_5_text_align=&#8220;center&#8220; header_5_text_color=&#8220;gcid-742a04a5-09f0-4c6f-a5d8-902537bc2d85&#8243; header_5_font_size=&#8220;42px&#8220; header_5_line_height=&#8220;1.3em&#8220; animation_style=&#8220;fade&#8220; global_colors_info=&#8220;{%22gcid-742a04a5-09f0-4c6f-a5d8-902537bc2d85%22:%91%22header_5_text_color%22%93}&#8220;]<h5>Ver\u00e4ndern Sie Ihr Leben mit der Weisheit der Numerologie!<\/h5>[\/et_pb_text][\/et_pb_column][\/et_pb_row][et_pb_row column_structure=&#8220;1_3,1_3,1_3&#8243; _builder_version=&#8220;4.23.4&#8243; _module_preset=&#8220;default&#8220; global_colors_info=&#8220;{}&#8220;][et_pb_column type=&#8220;1_3&#8243; _builder_version=&#8220;4.23.4&#8243; _module_preset=&#8220;default&#8220; global_colors_info=&#8220;{}&#8220;][et_pb_text _builder_version=&#8220;4.23.4&#8243; _module_preset=&#8220;default&#8220; header_4_font=&#8220;Playfair Display||||||||&#8220; header_4_text_color=&#8220;#FFFFFF&#8220; header_4_font_size=&#8220;28px&#8220; text_orientation=&#8220;center&#8220; header_4_font_size_tablet=&#8220;28px&#8220; header_4_font_size_phone=&#8220;28px&#8220; header_4_font_size_last_edited=&#8220;on|phone&#8220; global_colors_info=&#8220;{}&#8220;]<h4>Adresse<\/h4>[\/et_pb_text][et_pb_text _builder_version=&#8220;4.24.0&#8243; _module_preset=&#8220;default&#8220; text_text_color=&#8220;#FFFFFF&#8220; global_colors_info=&#8220;{}&#8220;]<p style=\"text-align: center;\">55-080 Smolec<\/p>\n<p style=\"text-align: center;\">ul. Walnussstra\u00dfe 81<\/p>[\/et_pb_text][\/et_pb_column][et_pb_column type=&#8220;1_3&#8243; _builder_version=&#8220;4.23.4&#8243; _module_preset=&#8220;default&#8220; global_colors_info=&#8220;{}&#8220;][et_pb_text _builder_version=&#8220;4.23.4&#8243; _module_preset=&#8220;default&#8220; header_4_font=&#8220;Playfair Display||||||||&#8220; header_4_text_color=&#8220;#FFFFFF&#8220; header_4_font_size=&#8220;28px&#8220; text_orientation=&#8220;center&#8220; header_4_font_size_tablet=&#8220;28px&#8220; header_4_font_size_phone=&#8220;28px&#8220; header_4_font_size_last_edited=&#8220;on|phone&#8220; global_colors_info=&#8220;{}&#8220;]<h4>Soziale Medien<\/h4>[\/et_pb_text][et_pb_social_media_follow _builder_version=&#8220;4.24.0&#8243; _module_preset=&#8220;default&#8220; text_orientation=&#8220;center&#8220; global_colors_info=&#8220;{}&#8220;][et_pb_social_media_follow_network social_network=&#8220;facebook&#8220; url=&#8220;https:\/\/www.facebook.com\/lunaris.numerologia&#8220; _builder_version=&#8220;4.24.0&#8243; _module_preset=&#8220;default&#8220; background_color=&#8220;#3b5998&#8243; global_colors_info=&#8220;{}&#8220; follow_button=&#8220;off&#8220; url_new_window=&#8220;on&#8220;]facebook[\/et_pb_social_media_follow_network][et_pb_social_media_follow_network social_network=&#8220;instagram&#8220; _builder_version=&#8220;4.23.4&#8243; _module_preset=&#8220;default&#8220; background_color=&#8220;#ea2c59&#8243; global_colors_info=&#8220;{}&#8220; follow_button=&#8220;off&#8220; url_new_window=&#8220;on&#8220;]instagram[\/et_pb_social_media_follow_network][\/et_pb_social_media_follow][\/et_pb_column][et_pb_column type=&#8220;1_3&#8243; _builder_version=&#8220;4.23.4&#8243; _module_preset=&#8220;default&#8220; global_colors_info=&#8220;{}&#8220;][et_pb_text _builder_version=&#8220;4.23.4&#8243; _module_preset=&#8220;default&#8220; header_4_font=&#8220;Playfair Display||||||||&#8220; header_4_text_color=&#8220;#FFFFFF&#8220; header_4_font_size=&#8220;28px&#8220; text_orientation=&#8220;center&#8220; header_4_font_size_tablet=&#8220;28px&#8220; header_4_font_size_phone=&#8220;28px&#8220; header_4_font_size_last_edited=&#8220;on|phone&#8220; global_colors_info=&#8220;{}&#8220;]<h4>Kontakt<\/h4>[\/et_pb_text][et_pb_text _builder_version=&#8220;4.24.0&#8243; _module_preset=&#8220;default&#8220; text_text_color=&#8220;#FFFFFF&#8220; global_colors_info=&#8220;{}&#8220;]<p style=\"text-align: center;\">Tel.  <span style=\"color: #ffffff;\"><a href=\"tel:+48604865762\" style=\"color: #ffffff;\">+48 604 865 762<\/a><\/span><\/p>\n<p style=\"text-align: center;\">E-Mail: <span style=\"color: #ffffff;\">\n  <a href=\"mailto:kontakt@lunaris.wroclaw.pl\" title=\"kontakt@lunaris.wroclaw.pl\" style=\"color: #ffffff;\">kontakt@lunaris.wroclaw.pl<\/a>\n<\/span><\/p>[\/et_pb_text][\/et_pb_column][\/et_pb_row][\/et_pb_section]","protected":false},"excerpt":{"rendered":"<p>ANGEBOTEinzelne Sitzungen &nbsp; F\u00fcr diejenigen, die ein tiefes Verst\u00e4ndnis f\u00fcr sich selbst und ihren Lebensweg suchen, biete ich Einzelsitzungen an. Dabei werden Sie eine numerologische Analyse erleben, die einzigartige Aspekte Ihrer Pers\u00f6nlichkeit, Ihrer Beziehungen und Ihrer potenziellen Lebenswege beleuchten wird. Entdecken Sie, wie Zahlen der Schl\u00fcssel zu einer besseren Selbsterkenntnis und einem erf\u00fcllten Leben sein [&hellip;]<\/p>\n","protected":false},"author":1,"featured_media":0,"parent":0,"menu_order":0,"comment_status":"closed","ping_status":"closed","template":"","meta":{"_et_pb_use_builder":"on","_et_pb_old_content":"","_et_gb_content_width":"","footnotes":""},"class_list":["post-678","page","type-page","status-publish","hentry"],"yoast_head":"<!-- This site is optimized with the Yoast SEO plugin v24.1 - https:\/\/yoast.com\/wordpress\/plugins\/seo\/ -->\n<title>Numerologie  %<\/title>\n<meta name=\"description\" content=\"F\u00fcr alle, die ein tiefes Verst\u00e4ndnis f\u00fcr sich selbst und ihren Lebensweg suchen. Numerologisches Portr\u00e4t, Kinderportr\u00e4t, Beziehungsnumerologie.\" \/>\n<meta name=\"robots\" content=\"index, follow, max-snippet:-1, max-image-preview:large, max-video-preview:-1\" \/>\n<link rel=\"canonical\" href=\"https:\/\/lunaris.wroclaw.pl\/de\/einzelne-sitzungen\/\" \/>\n<meta property=\"og:locale\" content=\"de_DE\" \/>\n<meta property=\"og:type\" content=\"article\" \/>\n<meta property=\"og:title\" content=\"Numerologie  %\" \/>\n<meta property=\"og:description\" content=\"F\u00fcr alle, die ein tiefes Verst\u00e4ndnis f\u00fcr sich selbst und ihren Lebensweg suchen. Numerologisches Portr\u00e4t, Kinderportr\u00e4t, Beziehungsnumerologie.\" \/>\n<meta property=\"og:url\" content=\"https:\/\/lunaris.wroclaw.pl\/de\/einzelne-sitzungen\/\" \/>\n<meta property=\"og:site_name\" content=\"Lunaris\" \/>\n<meta property=\"article:publisher\" content=\"https:\/\/www.facebook.com\/lunaris.numerologia\" \/>\n<meta property=\"article:modified_time\" content=\"2024-04-11T10:57:26+00:00\" \/>\n<meta name=\"twitter:card\" content=\"summary_large_image\" \/>\n<meta name=\"twitter:label1\" content=\"Gesch\u00e4tzte Lesezeit\" \/>\n\t<meta name=\"twitter:data1\" content=\"10\u00a0Minuten\" \/>\n<script type=\"application\/ld+json\" class=\"yoast-schema-graph\">{\"@context\":\"https:\/\/schema.org\",\"@graph\":[{\"@type\":\"WebPage\",\"@id\":\"https:\/\/lunaris.wroclaw.pl\/de\/einzelne-sitzungen\/\",\"url\":\"https:\/\/lunaris.wroclaw.pl\/de\/einzelne-sitzungen\/\",\"name\":\"Numerologie %\",\"isPartOf\":{\"@id\":\"https:\/\/lunaris.wroclaw.pl\/de\/#website\"},\"datePublished\":\"2024-02-17T08:04:35+00:00\",\"dateModified\":\"2024-04-11T10:57:26+00:00\",\"description\":\"F\u00fcr alle, die ein tiefes Verst\u00e4ndnis f\u00fcr sich selbst und ihren Lebensweg suchen. Numerologisches Portr\u00e4t, Kinderportr\u00e4t, Beziehungsnumerologie.\",\"breadcrumb\":{\"@id\":\"https:\/\/lunaris.wroclaw.pl\/de\/einzelne-sitzungen\/#breadcrumb\"},\"inLanguage\":\"de\",\"potentialAction\":[{\"@type\":\"ReadAction\",\"target\":[\"https:\/\/lunaris.wroclaw.pl\/de\/einzelne-sitzungen\/\"]}]},{\"@type\":\"BreadcrumbList\",\"@id\":\"https:\/\/lunaris.wroclaw.pl\/de\/einzelne-sitzungen\/#breadcrumb\",\"itemListElement\":[{\"@type\":\"ListItem\",\"position\":1,\"name\":\"Strona g\u0142\u00f3wna\",\"item\":\"https:\/\/lunaris.wroclaw.pl\/de\/\"},{\"@type\":\"ListItem\",\"position\":2,\"name\":\"Einzelne Sitzungen\"}]},{\"@type\":\"WebSite\",\"@id\":\"https:\/\/lunaris.wroclaw.pl\/de\/#website\",\"url\":\"https:\/\/lunaris.wroclaw.pl\/de\/\",\"name\":\"Lunaris\",\"description\":\"Numerologia\",\"publisher\":{\"@id\":\"https:\/\/lunaris.wroclaw.pl\/de\/#organization\"},\"potentialAction\":[{\"@type\":\"SearchAction\",\"target\":{\"@type\":\"EntryPoint\",\"urlTemplate\":\"https:\/\/lunaris.wroclaw.pl\/de\/?s={search_term_string}\"},\"query-input\":{\"@type\":\"PropertyValueSpecification\",\"valueRequired\":true,\"valueName\":\"search_term_string\"}}],\"inLanguage\":\"de\"},{\"@type\":\"Organization\",\"@id\":\"https:\/\/lunaris.wroclaw.pl\/de\/#organization\",\"name\":\"Lunaris\",\"url\":\"https:\/\/lunaris.wroclaw.pl\/de\/\",\"logo\":{\"@type\":\"ImageObject\",\"inLanguage\":\"de\",\"@id\":\"https:\/\/lunaris.wroclaw.pl\/de\/#\/schema\/logo\/image\/\",\"url\":\"https:\/\/lunaris.wroclaw.pl\/wp-content\/uploads\/2024\/02\/logo-Lunaris.png\",\"contentUrl\":\"https:\/\/lunaris.wroclaw.pl\/wp-content\/uploads\/2024\/02\/logo-Lunaris.png\",\"width\":226,\"height\":150,\"caption\":\"Lunaris\"},\"image\":{\"@id\":\"https:\/\/lunaris.wroclaw.pl\/de\/#\/schema\/logo\/image\/\"},\"sameAs\":[\"https:\/\/www.facebook.com\/lunaris.numerologia\"]}]}<\/script>\n<!-- \/ Yoast SEO plugin. -->","yoast_head_json":{"title":"Numerologie  %","description":"F\u00fcr alle, die ein tiefes Verst\u00e4ndnis f\u00fcr sich selbst und ihren Lebensweg suchen. Numerologisches Portr\u00e4t, Kinderportr\u00e4t, Beziehungsnumerologie.","robots":{"index":"index","follow":"follow","max-snippet":"max-snippet:-1","max-image-preview":"max-image-preview:large","max-video-preview":"max-video-preview:-1"},"canonical":"https:\/\/lunaris.wroclaw.pl\/de\/einzelne-sitzungen\/","og_locale":"de_DE","og_type":"article","og_title":"Numerologie  %","og_description":"F\u00fcr alle, die ein tiefes Verst\u00e4ndnis f\u00fcr sich selbst und ihren Lebensweg suchen. Numerologisches Portr\u00e4t, Kinderportr\u00e4t, Beziehungsnumerologie.","og_url":"https:\/\/lunaris.wroclaw.pl\/de\/einzelne-sitzungen\/","og_site_name":"Lunaris","article_publisher":"https:\/\/www.facebook.com\/lunaris.numerologia","article_modified_time":"2024-04-11T10:57:26+00:00","twitter_card":"summary_large_image","twitter_misc":{"Gesch\u00e4tzte Lesezeit":"10\u00a0Minuten"},"schema":{"@context":"https:\/\/schema.org","@graph":[{"@type":"WebPage","@id":"https:\/\/lunaris.wroclaw.pl\/de\/einzelne-sitzungen\/","url":"https:\/\/lunaris.wroclaw.pl\/de\/einzelne-sitzungen\/","name":"Numerologie %","isPartOf":{"@id":"https:\/\/lunaris.wroclaw.pl\/de\/#website"},"datePublished":"2024-02-17T08:04:35+00:00","dateModified":"2024-04-11T10:57:26+00:00","description":"F\u00fcr alle, die ein tiefes Verst\u00e4ndnis f\u00fcr sich selbst und ihren Lebensweg suchen. Numerologisches Portr\u00e4t, Kinderportr\u00e4t, Beziehungsnumerologie.","breadcrumb":{"@id":"https:\/\/lunaris.wroclaw.pl\/de\/einzelne-sitzungen\/#breadcrumb"},"inLanguage":"de","potentialAction":[{"@type":"ReadAction","target":["https:\/\/lunaris.wroclaw.pl\/de\/einzelne-sitzungen\/"]}]},{"@type":"BreadcrumbList","@id":"https:\/\/lunaris.wroclaw.pl\/de\/einzelne-sitzungen\/#breadcrumb","itemListElement":[{"@type":"ListItem","position":1,"name":"Strona g\u0142\u00f3wna","item":"https:\/\/lunaris.wroclaw.pl\/de\/"},{"@type":"ListItem","position":2,"name":"Einzelne Sitzungen"}]},{"@type":"WebSite","@id":"https:\/\/lunaris.wroclaw.pl\/de\/#website","url":"https:\/\/lunaris.wroclaw.pl\/de\/","name":"Lunaris","description":"Numerologia","publisher":{"@id":"https:\/\/lunaris.wroclaw.pl\/de\/#organization"},"potentialAction":[{"@type":"SearchAction","target":{"@type":"EntryPoint","urlTemplate":"https:\/\/lunaris.wroclaw.pl\/de\/?s={search_term_string}"},"query-input":{"@type":"PropertyValueSpecification","valueRequired":true,"valueName":"search_term_string"}}],"inLanguage":"de"},{"@type":"Organization","@id":"https:\/\/lunaris.wroclaw.pl\/de\/#organization","name":"Lunaris","url":"https:\/\/lunaris.wroclaw.pl\/de\/","logo":{"@type":"ImageObject","inLanguage":"de","@id":"https:\/\/lunaris.wroclaw.pl\/de\/#\/schema\/logo\/image\/","url":"https:\/\/lunaris.wroclaw.pl\/wp-content\/uploads\/2024\/02\/logo-Lunaris.png","contentUrl":"https:\/\/lunaris.wroclaw.pl\/wp-content\/uploads\/2024\/02\/logo-Lunaris.png","width":226,"height":150,"caption":"Lunaris"},"image":{"@id":"https:\/\/lunaris.wroclaw.pl\/de\/#\/schema\/logo\/image\/"},"sameAs":["https:\/\/www.facebook.com\/lunaris.numerologia"]}]}},"_links":{"self":[{"href":"https:\/\/lunaris.wroclaw.pl\/de\/wp-json\/wp\/v2\/pages\/678","targetHints":{"allow":["GET"]}}],"collection":[{"href":"https:\/\/lunaris.wroclaw.pl\/de\/wp-json\/wp\/v2\/pages"}],"about":[{"href":"https:\/\/lunaris.wroclaw.pl\/de\/wp-json\/wp\/v2\/types\/page"}],"author":[{"embeddable":true,"href":"https:\/\/lunaris.wroclaw.pl\/de\/wp-json\/wp\/v2\/users\/1"}],"replies":[{"embeddable":true,"href":"https:\/\/lunaris.wroclaw.pl\/de\/wp-json\/wp\/v2\/comments?post=678"}],"version-history":[{"count":4,"href":"https:\/\/lunaris.wroclaw.pl\/de\/wp-json\/wp\/v2\/pages\/678\/revisions"}],"predecessor-version":[{"id":684,"href":"https:\/\/lunaris.wroclaw.pl\/de\/wp-json\/wp\/v2\/pages\/678\/revisions\/684"}],"wp:attachment":[{"href":"https:\/\/lunaris.wroclaw.pl\/de\/wp-json\/wp\/v2\/media?parent=678"}],"curies":[{"name":"wp","href":"https:\/\/api.w.org\/{rel}","templated":true}]}}