{"id":686,"date":"2024-02-17T18:35:01","date_gmt":"2024-02-17T18:35:01","guid":{"rendered":"https:\/\/lunaris.wroclaw.pl\/produkt\/business-numerologie\/"},"modified":"2024-04-11T11:03:02","modified_gmt":"2024-04-11T11:03:02","slug":"business-numerologie","status":"publish","type":"product","link":"https:\/\/lunaris.wroclaw.pl\/de\/produkt\/business-numerologie\/","title":{"rendered":"Business Numerologie"},"content":{"rendered":"<p>Jeder von uns geht durch seine Lebensweise in Resonanz mit der jeweiligen Lebensphase, in der wir uns gerade befinden. Je nachdem, welche Entscheidungen wir derzeit treffen, lohnt sich ein Blick auf die Zahlen, die dahinter stehen.<\/p>\n<p>In der Wirtschaft geh\u00f6ren dazu Aspekte wie der Name des Unternehmens, der Zeitpunkt der Er\u00f6ffnung, der Abschluss von Vertr\u00e4gen und die Auswahl der Mitarbeiter im Team. Je nachdem, wie viel Unterst\u00fctzung Sie von mir erwarten, werden wir ein Honorar f\u00fcr diesen Auftrag vereinbaren.<\/p>\n<p>&nbsp;<\/p>\n<p><a href=\"https:\/\/lunaris.wroclaw.pl\/de\/kontakt\/\"><img loading=\"lazy\" decoding=\"async\" class=\"size-full wp-image-444\" src=\"https:\/\/lunaris.wroclaw.pl\/wp-content\/uploads\/2024\/02\/button.png\" alt=\"Fragen Sie nach dem Preis\" width=\"245\" height=\"73\"><\/a><\/p>\n","protected":false},"excerpt":{"rendered":"<p>Jeder von uns geht durch seine Lebensweise in Resonanz mit der jeweiligen Lebensphase, in der wir uns gerade befinden. Je nachdem, welche Entscheidungen wir derzeit treffen, lohnt sich ein Blick auf die Zahlen, die dahinter stehen. In der Wirtschaft geh\u00f6ren dazu Aspekte wie der Name des Unternehmens, der Zeitpunkt der Er\u00f6ffnung, der Abschluss von Vertr\u00e4gen [&hellip;]<\/p>\n","protected":false},"featured_media":1680,"comment_status":"closed","ping_status":"closed","template":"","meta":{"_et_pb_use_builder":"","_et_pb_old_content":"","_et_gb_content_width":""},"product_cat":[45],"product_tag":[47,46,48],"class_list":{"0":"post-686","1":"product","2":"type-product","3":"status-publish","4":"has-post-thumbnail","6":"product_cat-geschaftliche-sitzungen","7":"product_tag-business-numerologie","8":"product_tag-numerologie","9":"product_tag-numerologische-business-sitzung","11":"first","12":"instock","13":"shipping-taxable","14":"product-type-simple"},"yoast_head":"<!-- This site is optimized with the Yoast SEO plugin v24.1 - https:\/\/yoast.com\/wordpress\/plugins\/seo\/ -->\n<title>Business Numerologie - Lunaris<\/title>\n<meta name=\"robots\" content=\"index, follow, max-snippet:-1, max-image-preview:large, max-video-preview:-1\" \/>\n<link rel=\"canonical\" href=\"https:\/\/lunaris.wroclaw.pl\/de\/produkt\/business-numerologie\/\" \/>\n<meta property=\"og:locale\" content=\"de_DE\" \/>\n<meta property=\"og:type\" content=\"article\" \/>\n<meta property=\"og:title\" content=\"Business Numerologie - Lunaris\" \/>\n<meta property=\"og:description\" content=\"Jeder von uns geht durch seine Lebensweise in Resonanz mit der jeweiligen Lebensphase, in der wir uns gerade befinden. Je nachdem, welche Entscheidungen wir derzeit treffen, lohnt sich ein Blick auf die Zahlen, die dahinter stehen. In der Wirtschaft geh\u00f6ren dazu Aspekte wie der Name des Unternehmens, der Zeitpunkt der Er\u00f6ffnung, der Abschluss von Vertr\u00e4gen [&hellip;]\" \/>\n<meta property=\"og:url\" content=\"https:\/\/lunaris.wroclaw.pl\/de\/produkt\/business-numerologie\/\" \/>\n<meta property=\"og:site_name\" content=\"Lunaris\" \/>\n<meta property=\"article:publisher\" content=\"https:\/\/www.facebook.com\/lunaris.numerologia\" \/>\n<meta property=\"article:modified_time\" content=\"2024-04-11T11:03:02+00:00\" \/>\n<meta property=\"og:image\" content=\"https:\/\/lunaris.wroclaw.pl\/wp-content\/uploads\/2024\/02\/money-case-163495_1280.jpg\" \/>\n\t<meta property=\"og:image:width\" content=\"1280\" \/>\n\t<meta property=\"og:image:height\" content=\"853\" \/>\n\t<meta property=\"og:image:type\" content=\"image\/jpeg\" \/>\n<meta name=\"twitter:card\" content=\"summary_large_image\" \/>\n<script type=\"application\/ld+json\" class=\"yoast-schema-graph\">{\"@context\":\"https:\/\/schema.org\",\"@graph\":[{\"@type\":\"WebPage\",\"@id\":\"https:\/\/lunaris.wroclaw.pl\/de\/produkt\/business-numerologie\/\",\"url\":\"https:\/\/lunaris.wroclaw.pl\/de\/produkt\/business-numerologie\/\",\"name\":\"Business Numerologie - Lunaris\",\"isPartOf\":{\"@id\":\"https:\/\/lunaris.wroclaw.pl\/de\/#website\"},\"primaryImageOfPage\":{\"@id\":\"https:\/\/lunaris.wroclaw.pl\/de\/produkt\/business-numerologie\/#primaryimage\"},\"image\":{\"@id\":\"https:\/\/lunaris.wroclaw.pl\/de\/produkt\/business-numerologie\/#primaryimage\"},\"thumbnailUrl\":\"https:\/\/lunaris.wroclaw.pl\/wp-content\/uploads\/2024\/02\/Pu9ZfXIp9qYcMGb4GVik-0-r2pax.jpg\",\"datePublished\":\"2024-02-17T18:35:01+00:00\",\"dateModified\":\"2024-04-11T11:03:02+00:00\",\"breadcrumb\":{\"@id\":\"https:\/\/lunaris.wroclaw.pl\/de\/produkt\/business-numerologie\/#breadcrumb\"},\"inLanguage\":\"de\",\"potentialAction\":[{\"@type\":\"ReadAction\",\"target\":[\"https:\/\/lunaris.wroclaw.pl\/de\/produkt\/business-numerologie\/\"]}]},{\"@type\":\"ImageObject\",\"inLanguage\":\"de\",\"@id\":\"https:\/\/lunaris.wroclaw.pl\/de\/produkt\/business-numerologie\/#primaryimage\",\"url\":\"https:\/\/lunaris.wroclaw.pl\/wp-content\/uploads\/2024\/02\/Pu9ZfXIp9qYcMGb4GVik-0-r2pax.jpg\",\"contentUrl\":\"https:\/\/lunaris.wroclaw.pl\/wp-content\/uploads\/2024\/02\/Pu9ZfXIp9qYcMGb4GVik-0-r2pax.jpg\",\"width\":1024,\"height\":1024},{\"@type\":\"BreadcrumbList\",\"@id\":\"https:\/\/lunaris.wroclaw.pl\/de\/produkt\/business-numerologie\/#breadcrumb\",\"itemListElement\":[{\"@type\":\"ListItem\",\"position\":1,\"name\":\"Strona g\u0142\u00f3wna\",\"item\":\"https:\/\/lunaris.wroclaw.pl\/de\/\"},{\"@type\":\"ListItem\",\"position\":2,\"name\":\"Shop\",\"item\":\"https:\/\/lunaris.wroclaw.pl\/de\/shop\/\"},{\"@type\":\"ListItem\",\"position\":3,\"name\":\"Business Numerologie\"}]},{\"@type\":\"WebSite\",\"@id\":\"https:\/\/lunaris.wroclaw.pl\/de\/#website\",\"url\":\"https:\/\/lunaris.wroclaw.pl\/de\/\",\"name\":\"Lunaris\",\"description\":\"Numerologia\",\"publisher\":{\"@id\":\"https:\/\/lunaris.wroclaw.pl\/de\/#organization\"},\"potentialAction\":[{\"@type\":\"SearchAction\",\"target\":{\"@type\":\"EntryPoint\",\"urlTemplate\":\"https:\/\/lunaris.wroclaw.pl\/de\/?s={search_term_string}\"},\"query-input\":{\"@type\":\"PropertyValueSpecification\",\"valueRequired\":true,\"valueName\":\"search_term_string\"}}],\"inLanguage\":\"de\"},{\"@type\":\"Organization\",\"@id\":\"https:\/\/lunaris.wroclaw.pl\/de\/#organization\",\"name\":\"Lunaris\",\"url\":\"https:\/\/lunaris.wroclaw.pl\/de\/\",\"logo\":{\"@type\":\"ImageObject\",\"inLanguage\":\"de\",\"@id\":\"https:\/\/lunaris.wroclaw.pl\/de\/#\/schema\/logo\/image\/\",\"url\":\"https:\/\/lunaris.wroclaw.pl\/wp-content\/uploads\/2024\/02\/logo-Lunaris.png\",\"contentUrl\":\"https:\/\/lunaris.wroclaw.pl\/wp-content\/uploads\/2024\/02\/logo-Lunaris.png\",\"width\":226,\"height\":150,\"caption\":\"Lunaris\"},\"image\":{\"@id\":\"https:\/\/lunaris.wroclaw.pl\/de\/#\/schema\/logo\/image\/\"},\"sameAs\":[\"https:\/\/www.facebook.com\/lunaris.numerologia\"]}]}<\/script>\n<!-- \/ Yoast SEO plugin. -->","yoast_head_json":{"title":"Business Numerologie - Lunaris","robots":{"index":"index","follow":"follow","max-snippet":"max-snippet:-1","max-image-preview":"max-image-preview:large","max-video-preview":"max-video-preview:-1"},"canonical":"https:\/\/lunaris.wroclaw.pl\/de\/produkt\/business-numerologie\/","og_locale":"de_DE","og_type":"article","og_title":"Business Numerologie - Lunaris","og_description":"Jeder von uns geht durch seine Lebensweise in Resonanz mit der jeweiligen Lebensphase, in der wir uns gerade befinden. Je nachdem, welche Entscheidungen wir derzeit treffen, lohnt sich ein Blick auf die Zahlen, die dahinter stehen. In der Wirtschaft geh\u00f6ren dazu Aspekte wie der Name des Unternehmens, der Zeitpunkt der Er\u00f6ffnung, der Abschluss von Vertr\u00e4gen [&hellip;]","og_url":"https:\/\/lunaris.wroclaw.pl\/de\/produkt\/business-numerologie\/","og_site_name":"Lunaris","article_publisher":"https:\/\/www.facebook.com\/lunaris.numerologia","article_modified_time":"2024-04-11T11:03:02+00:00","og_image":[{"width":1280,"height":853,"url":"https:\/\/lunaris.wroclaw.pl\/wp-content\/uploads\/2024\/02\/money-case-163495_1280.jpg","type":"image\/jpeg"}],"twitter_card":"summary_large_image","schema":{"@context":"https:\/\/schema.org","@graph":[{"@type":"WebPage","@id":"https:\/\/lunaris.wroclaw.pl\/de\/produkt\/business-numerologie\/","url":"https:\/\/lunaris.wroclaw.pl\/de\/produkt\/business-numerologie\/","name":"Business Numerologie - Lunaris","isPartOf":{"@id":"https:\/\/lunaris.wroclaw.pl\/de\/#website"},"primaryImageOfPage":{"@id":"https:\/\/lunaris.wroclaw.pl\/de\/produkt\/business-numerologie\/#primaryimage"},"image":{"@id":"https:\/\/lunaris.wroclaw.pl\/de\/produkt\/business-numerologie\/#primaryimage"},"thumbnailUrl":"https:\/\/lunaris.wroclaw.pl\/wp-content\/uploads\/2024\/02\/Pu9ZfXIp9qYcMGb4GVik-0-r2pax.jpg","datePublished":"2024-02-17T18:35:01+00:00","dateModified":"2024-04-11T11:03:02+00:00","breadcrumb":{"@id":"https:\/\/lunaris.wroclaw.pl\/de\/produkt\/business-numerologie\/#breadcrumb"},"inLanguage":"de","potentialAction":[{"@type":"ReadAction","target":["https:\/\/lunaris.wroclaw.pl\/de\/produkt\/business-numerologie\/"]}]},{"@type":"ImageObject","inLanguage":"de","@id":"https:\/\/lunaris.wroclaw.pl\/de\/produkt\/business-numerologie\/#primaryimage","url":"https:\/\/lunaris.wroclaw.pl\/wp-content\/uploads\/2024\/02\/Pu9ZfXIp9qYcMGb4GVik-0-r2pax.jpg","contentUrl":"https:\/\/lunaris.wroclaw.pl\/wp-content\/uploads\/2024\/02\/Pu9ZfXIp9qYcMGb4GVik-0-r2pax.jpg","width":1024,"height":1024},{"@type":"BreadcrumbList","@id":"https:\/\/lunaris.wroclaw.pl\/de\/produkt\/business-numerologie\/#breadcrumb","itemListElement":[{"@type":"ListItem","position":1,"name":"Strona g\u0142\u00f3wna","item":"https:\/\/lunaris.wroclaw.pl\/de\/"},{"@type":"ListItem","position":2,"name":"Shop","item":"https:\/\/lunaris.wroclaw.pl\/de\/shop\/"},{"@type":"ListItem","position":3,"name":"Business Numerologie"}]},{"@type":"WebSite","@id":"https:\/\/lunaris.wroclaw.pl\/de\/#website","url":"https:\/\/lunaris.wroclaw.pl\/de\/","name":"Lunaris","description":"Numerologia","publisher":{"@id":"https:\/\/lunaris.wroclaw.pl\/de\/#organization"},"potentialAction":[{"@type":"SearchAction","target":{"@type":"EntryPoint","urlTemplate":"https:\/\/lunaris.wroclaw.pl\/de\/?s={search_term_string}"},"query-input":{"@type":"PropertyValueSpecification","valueRequired":true,"valueName":"search_term_string"}}],"inLanguage":"de"},{"@type":"Organization","@id":"https:\/\/lunaris.wroclaw.pl\/de\/#organization","name":"Lunaris","url":"https:\/\/lunaris.wroclaw.pl\/de\/","logo":{"@type":"ImageObject","inLanguage":"de","@id":"https:\/\/lunaris.wroclaw.pl\/de\/#\/schema\/logo\/image\/","url":"https:\/\/lunaris.wroclaw.pl\/wp-content\/uploads\/2024\/02\/logo-Lunaris.png","contentUrl":"https:\/\/lunaris.wroclaw.pl\/wp-content\/uploads\/2024\/02\/logo-Lunaris.png","width":226,"height":150,"caption":"Lunaris"},"image":{"@id":"https:\/\/lunaris.wroclaw.pl\/de\/#\/schema\/logo\/image\/"},"sameAs":["https:\/\/www.facebook.com\/lunaris.numerologia"]}]}},"_links":{"self":[{"href":"https:\/\/lunaris.wroclaw.pl\/de\/wp-json\/wp\/v2\/product\/686","targetHints":{"allow":["GET"]}}],"collection":[{"href":"https:\/\/lunaris.wroclaw.pl\/de\/wp-json\/wp\/v2\/product"}],"about":[{"href":"https:\/\/lunaris.wroclaw.pl\/de\/wp-json\/wp\/v2\/types\/product"}],"replies":[{"embeddable":true,"href":"https:\/\/lunaris.wroclaw.pl\/de\/wp-json\/wp\/v2\/comments?post=686"}],"wp:featuredmedia":[{"embeddable":true,"href":"https:\/\/lunaris.wroclaw.pl\/de\/wp-json\/wp\/v2\/media\/1680"}],"wp:attachment":[{"href":"https:\/\/lunaris.wroclaw.pl\/de\/wp-json\/wp\/v2\/media?parent=686"}],"wp:term":[{"taxonomy":"product_cat","embeddable":true,"href":"https:\/\/lunaris.wroclaw.pl\/de\/wp-json\/wp\/v2\/product_cat?post=686"},{"taxonomy":"product_tag","embeddable":true,"href":"https:\/\/lunaris.wroclaw.pl\/de\/wp-json\/wp\/v2\/product_tag?post=686"}],"curies":[{"name":"wp","href":"https:\/\/api.w.org\/{rel}","templated":true}]}}