{"id":687,"date":"2024-02-17T18:29:51","date_gmt":"2024-02-17T18:29:51","guid":{"rendered":"https:\/\/lunaris.wroclaw.pl\/produkt\/beziehung-numerologie\/"},"modified":"2024-04-12T12:17:12","modified_gmt":"2024-04-12T12:17:12","slug":"beziehung-numerologie","status":"publish","type":"product","link":"https:\/\/lunaris.wroclaw.pl\/de\/produkt\/beziehung-numerologie\/","title":{"rendered":"Beziehung Numerologie"},"content":{"rendered":"<p>Es ist m\u00f6glich, die pers\u00f6nlichen Daten von zwei Personen zu erfassen und die Auswirkungen der Ergebnisse auf ihr gemeinsames Leben zu analysieren. Wie im pers\u00f6nlichen Numerologie-Portr\u00e4t werden wir die einzelnen Daten nebeneinander stellen und erkunden, wie sie miteinander in Resonanz stehen. Es ist eine wunderbare Gelegenheit, uns selbst besser zu verstehen, was einen erheblichen Einfluss auf unsere Lebensqualit\u00e4t hat.<\/p>\n<p><strong>Wenn Sie ein numerologisches Portr\u00e4t bestellen, sollte ich folgende Informationen f\u00fcr eine erste Analyse erhalten:<\/strong><br \/>\n&#8211; Vor- und Nachnamen (Taufname, Konfirmationsname, M\u00e4dchenname und Name nach der Heirat).<br \/>\n&#8211; Geburtsdatum (die Uhrzeit brauche ich nicht).<\/p>\n<p>Sie erhalten Ihr numerologisches Portr\u00e4t in elektronischer Form, die Sie selbst ausdrucken k\u00f6nnen. Sobald ich mich mit dem Thema vertraut gemacht habe, bin ich gerne bereit, weitere Informationen zur Verf\u00fcgung zu stellen, wenn ein Thema eine tiefere Analyse erfordert.<\/p>\n<p><strong>Ich freue mich darauf, von Ihnen zu h\u00f6ren.<\/strong><\/p>\n","protected":false},"excerpt":{"rendered":"<p>Es ist m\u00f6glich, die pers\u00f6nlichen Daten von zwei Personen zu erfassen und die Auswirkungen der Ergebnisse auf ihr gemeinsames Leben zu analysieren. Wie im pers\u00f6nlichen Numerologie-Portr\u00e4t werden wir die einzelnen Daten nebeneinander stellen und erkunden, wie sie miteinander in Resonanz stehen. Es ist eine wunderbare Gelegenheit, uns selbst besser zu verstehen, was einen erheblichen Einfluss [&hellip;]<\/p>\n","protected":false},"featured_media":1682,"comment_status":"closed","ping_status":"closed","template":"","meta":{"_et_pb_use_builder":"","_et_pb_old_content":"","_et_gb_content_width":""},"product_cat":[49],"product_tag":[],"class_list":{"0":"post-687","1":"product","2":"type-product","3":"status-publish","4":"has-post-thumbnail","6":"product_cat-einzelne-sitzungen","8":"first","9":"instock","10":"virtual","11":"purchasable","12":"product-type-simple"},"yoast_head":"<!-- This site is optimized with the Yoast SEO plugin v24.1 - https:\/\/yoast.com\/wordpress\/plugins\/seo\/ -->\n<title>Beziehung Numerologie - Lunaris<\/title>\n<meta name=\"robots\" content=\"index, follow, max-snippet:-1, max-image-preview:large, max-video-preview:-1\" \/>\n<link rel=\"canonical\" href=\"https:\/\/lunaris.wroclaw.pl\/de\/produkt\/beziehung-numerologie\/\" \/>\n<meta property=\"og:locale\" content=\"de_DE\" \/>\n<meta property=\"og:type\" content=\"article\" \/>\n<meta property=\"og:title\" content=\"Beziehung Numerologie - Lunaris\" \/>\n<meta property=\"og:description\" content=\"Es ist m\u00f6glich, die pers\u00f6nlichen Daten von zwei Personen zu erfassen und die Auswirkungen der Ergebnisse auf ihr gemeinsames Leben zu analysieren. Wie im pers\u00f6nlichen Numerologie-Portr\u00e4t werden wir die einzelnen Daten nebeneinander stellen und erkunden, wie sie miteinander in Resonanz stehen. Es ist eine wunderbare Gelegenheit, uns selbst besser zu verstehen, was einen erheblichen Einfluss [&hellip;]\" \/>\n<meta property=\"og:url\" content=\"https:\/\/lunaris.wroclaw.pl\/de\/produkt\/beziehung-numerologie\/\" \/>\n<meta property=\"og:site_name\" content=\"Lunaris\" \/>\n<meta property=\"article:publisher\" content=\"https:\/\/www.facebook.com\/lunaris.numerologia\" \/>\n<meta property=\"article:modified_time\" content=\"2024-04-12T12:17:12+00:00\" \/>\n<meta property=\"og:image\" content=\"https:\/\/lunaris.wroclaw.pl\/wp-content\/uploads\/2024\/02\/numerologia-zwiazkow.webp\" \/>\n\t<meta property=\"og:image:width\" content=\"1200\" \/>\n\t<meta property=\"og:image:height\" content=\"800\" \/>\n\t<meta property=\"og:image:type\" content=\"image\/webp\" \/>\n<meta name=\"twitter:card\" content=\"summary_large_image\" \/>\n<meta name=\"twitter:label1\" content=\"Gesch\u00e4tzte Lesezeit\" \/>\n\t<meta name=\"twitter:data1\" content=\"1\u00a0Minute\" \/>\n<script type=\"application\/ld+json\" class=\"yoast-schema-graph\">{\"@context\":\"https:\/\/schema.org\",\"@graph\":[{\"@type\":\"WebPage\",\"@id\":\"https:\/\/lunaris.wroclaw.pl\/de\/produkt\/beziehung-numerologie\/\",\"url\":\"https:\/\/lunaris.wroclaw.pl\/de\/produkt\/beziehung-numerologie\/\",\"name\":\"Beziehung Numerologie - Lunaris\",\"isPartOf\":{\"@id\":\"https:\/\/lunaris.wroclaw.pl\/de\/#website\"},\"primaryImageOfPage\":{\"@id\":\"https:\/\/lunaris.wroclaw.pl\/de\/produkt\/beziehung-numerologie\/#primaryimage\"},\"image\":{\"@id\":\"https:\/\/lunaris.wroclaw.pl\/de\/produkt\/beziehung-numerologie\/#primaryimage\"},\"thumbnailUrl\":\"https:\/\/lunaris.wroclaw.pl\/wp-content\/uploads\/2024\/02\/LpZ0dtOp0tzTydQYszR1-0-2spe41.jpg\",\"datePublished\":\"2024-02-17T18:29:51+00:00\",\"dateModified\":\"2024-04-12T12:17:12+00:00\",\"breadcrumb\":{\"@id\":\"https:\/\/lunaris.wroclaw.pl\/de\/produkt\/beziehung-numerologie\/#breadcrumb\"},\"inLanguage\":\"de\",\"potentialAction\":[{\"@type\":\"ReadAction\",\"target\":[\"https:\/\/lunaris.wroclaw.pl\/de\/produkt\/beziehung-numerologie\/\"]}]},{\"@type\":\"ImageObject\",\"inLanguage\":\"de\",\"@id\":\"https:\/\/lunaris.wroclaw.pl\/de\/produkt\/beziehung-numerologie\/#primaryimage\",\"url\":\"https:\/\/lunaris.wroclaw.pl\/wp-content\/uploads\/2024\/02\/LpZ0dtOp0tzTydQYszR1-0-2spe41.jpg\",\"contentUrl\":\"https:\/\/lunaris.wroclaw.pl\/wp-content\/uploads\/2024\/02\/LpZ0dtOp0tzTydQYszR1-0-2spe41.jpg\",\"width\":1024,\"height\":1024},{\"@type\":\"BreadcrumbList\",\"@id\":\"https:\/\/lunaris.wroclaw.pl\/de\/produkt\/beziehung-numerologie\/#breadcrumb\",\"itemListElement\":[{\"@type\":\"ListItem\",\"position\":1,\"name\":\"Strona g\u0142\u00f3wna\",\"item\":\"https:\/\/lunaris.wroclaw.pl\/de\/\"},{\"@type\":\"ListItem\",\"position\":2,\"name\":\"Shop\",\"item\":\"https:\/\/lunaris.wroclaw.pl\/de\/shop\/\"},{\"@type\":\"ListItem\",\"position\":3,\"name\":\"Beziehung Numerologie\"}]},{\"@type\":\"WebSite\",\"@id\":\"https:\/\/lunaris.wroclaw.pl\/de\/#website\",\"url\":\"https:\/\/lunaris.wroclaw.pl\/de\/\",\"name\":\"Lunaris\",\"description\":\"Numerologia\",\"publisher\":{\"@id\":\"https:\/\/lunaris.wroclaw.pl\/de\/#organization\"},\"potentialAction\":[{\"@type\":\"SearchAction\",\"target\":{\"@type\":\"EntryPoint\",\"urlTemplate\":\"https:\/\/lunaris.wroclaw.pl\/de\/?s={search_term_string}\"},\"query-input\":{\"@type\":\"PropertyValueSpecification\",\"valueRequired\":true,\"valueName\":\"search_term_string\"}}],\"inLanguage\":\"de\"},{\"@type\":\"Organization\",\"@id\":\"https:\/\/lunaris.wroclaw.pl\/de\/#organization\",\"name\":\"Lunaris\",\"url\":\"https:\/\/lunaris.wroclaw.pl\/de\/\",\"logo\":{\"@type\":\"ImageObject\",\"inLanguage\":\"de\",\"@id\":\"https:\/\/lunaris.wroclaw.pl\/de\/#\/schema\/logo\/image\/\",\"url\":\"https:\/\/lunaris.wroclaw.pl\/wp-content\/uploads\/2024\/02\/logo-Lunaris.png\",\"contentUrl\":\"https:\/\/lunaris.wroclaw.pl\/wp-content\/uploads\/2024\/02\/logo-Lunaris.png\",\"width\":226,\"height\":150,\"caption\":\"Lunaris\"},\"image\":{\"@id\":\"https:\/\/lunaris.wroclaw.pl\/de\/#\/schema\/logo\/image\/\"},\"sameAs\":[\"https:\/\/www.facebook.com\/lunaris.numerologia\"]}]}<\/script>\n<!-- \/ Yoast SEO plugin. -->","yoast_head_json":{"title":"Beziehung Numerologie - Lunaris","robots":{"index":"index","follow":"follow","max-snippet":"max-snippet:-1","max-image-preview":"max-image-preview:large","max-video-preview":"max-video-preview:-1"},"canonical":"https:\/\/lunaris.wroclaw.pl\/de\/produkt\/beziehung-numerologie\/","og_locale":"de_DE","og_type":"article","og_title":"Beziehung Numerologie - Lunaris","og_description":"Es ist m\u00f6glich, die pers\u00f6nlichen Daten von zwei Personen zu erfassen und die Auswirkungen der Ergebnisse auf ihr gemeinsames Leben zu analysieren. Wie im pers\u00f6nlichen Numerologie-Portr\u00e4t werden wir die einzelnen Daten nebeneinander stellen und erkunden, wie sie miteinander in Resonanz stehen. Es ist eine wunderbare Gelegenheit, uns selbst besser zu verstehen, was einen erheblichen Einfluss [&hellip;]","og_url":"https:\/\/lunaris.wroclaw.pl\/de\/produkt\/beziehung-numerologie\/","og_site_name":"Lunaris","article_publisher":"https:\/\/www.facebook.com\/lunaris.numerologia","article_modified_time":"2024-04-12T12:17:12+00:00","og_image":[{"width":1200,"height":800,"url":"https:\/\/lunaris.wroclaw.pl\/wp-content\/uploads\/2024\/02\/numerologia-zwiazkow.webp","type":"image\/webp"}],"twitter_card":"summary_large_image","twitter_misc":{"Gesch\u00e4tzte Lesezeit":"1\u00a0Minute"},"schema":{"@context":"https:\/\/schema.org","@graph":[{"@type":"WebPage","@id":"https:\/\/lunaris.wroclaw.pl\/de\/produkt\/beziehung-numerologie\/","url":"https:\/\/lunaris.wroclaw.pl\/de\/produkt\/beziehung-numerologie\/","name":"Beziehung Numerologie - Lunaris","isPartOf":{"@id":"https:\/\/lunaris.wroclaw.pl\/de\/#website"},"primaryImageOfPage":{"@id":"https:\/\/lunaris.wroclaw.pl\/de\/produkt\/beziehung-numerologie\/#primaryimage"},"image":{"@id":"https:\/\/lunaris.wroclaw.pl\/de\/produkt\/beziehung-numerologie\/#primaryimage"},"thumbnailUrl":"https:\/\/lunaris.wroclaw.pl\/wp-content\/uploads\/2024\/02\/LpZ0dtOp0tzTydQYszR1-0-2spe41.jpg","datePublished":"2024-02-17T18:29:51+00:00","dateModified":"2024-04-12T12:17:12+00:00","breadcrumb":{"@id":"https:\/\/lunaris.wroclaw.pl\/de\/produkt\/beziehung-numerologie\/#breadcrumb"},"inLanguage":"de","potentialAction":[{"@type":"ReadAction","target":["https:\/\/lunaris.wroclaw.pl\/de\/produkt\/beziehung-numerologie\/"]}]},{"@type":"ImageObject","inLanguage":"de","@id":"https:\/\/lunaris.wroclaw.pl\/de\/produkt\/beziehung-numerologie\/#primaryimage","url":"https:\/\/lunaris.wroclaw.pl\/wp-content\/uploads\/2024\/02\/LpZ0dtOp0tzTydQYszR1-0-2spe41.jpg","contentUrl":"https:\/\/lunaris.wroclaw.pl\/wp-content\/uploads\/2024\/02\/LpZ0dtOp0tzTydQYszR1-0-2spe41.jpg","width":1024,"height":1024},{"@type":"BreadcrumbList","@id":"https:\/\/lunaris.wroclaw.pl\/de\/produkt\/beziehung-numerologie\/#breadcrumb","itemListElement":[{"@type":"ListItem","position":1,"name":"Strona g\u0142\u00f3wna","item":"https:\/\/lunaris.wroclaw.pl\/de\/"},{"@type":"ListItem","position":2,"name":"Shop","item":"https:\/\/lunaris.wroclaw.pl\/de\/shop\/"},{"@type":"ListItem","position":3,"name":"Beziehung Numerologie"}]},{"@type":"WebSite","@id":"https:\/\/lunaris.wroclaw.pl\/de\/#website","url":"https:\/\/lunaris.wroclaw.pl\/de\/","name":"Lunaris","description":"Numerologia","publisher":{"@id":"https:\/\/lunaris.wroclaw.pl\/de\/#organization"},"potentialAction":[{"@type":"SearchAction","target":{"@type":"EntryPoint","urlTemplate":"https:\/\/lunaris.wroclaw.pl\/de\/?s={search_term_string}"},"query-input":{"@type":"PropertyValueSpecification","valueRequired":true,"valueName":"search_term_string"}}],"inLanguage":"de"},{"@type":"Organization","@id":"https:\/\/lunaris.wroclaw.pl\/de\/#organization","name":"Lunaris","url":"https:\/\/lunaris.wroclaw.pl\/de\/","logo":{"@type":"ImageObject","inLanguage":"de","@id":"https:\/\/lunaris.wroclaw.pl\/de\/#\/schema\/logo\/image\/","url":"https:\/\/lunaris.wroclaw.pl\/wp-content\/uploads\/2024\/02\/logo-Lunaris.png","contentUrl":"https:\/\/lunaris.wroclaw.pl\/wp-content\/uploads\/2024\/02\/logo-Lunaris.png","width":226,"height":150,"caption":"Lunaris"},"image":{"@id":"https:\/\/lunaris.wroclaw.pl\/de\/#\/schema\/logo\/image\/"},"sameAs":["https:\/\/www.facebook.com\/lunaris.numerologia"]}]}},"_links":{"self":[{"href":"https:\/\/lunaris.wroclaw.pl\/de\/wp-json\/wp\/v2\/product\/687","targetHints":{"allow":["GET"]}}],"collection":[{"href":"https:\/\/lunaris.wroclaw.pl\/de\/wp-json\/wp\/v2\/product"}],"about":[{"href":"https:\/\/lunaris.wroclaw.pl\/de\/wp-json\/wp\/v2\/types\/product"}],"replies":[{"embeddable":true,"href":"https:\/\/lunaris.wroclaw.pl\/de\/wp-json\/wp\/v2\/comments?post=687"}],"wp:featuredmedia":[{"embeddable":true,"href":"https:\/\/lunaris.wroclaw.pl\/de\/wp-json\/wp\/v2\/media\/1682"}],"wp:attachment":[{"href":"https:\/\/lunaris.wroclaw.pl\/de\/wp-json\/wp\/v2\/media?parent=687"}],"wp:term":[{"taxonomy":"product_cat","embeddable":true,"href":"https:\/\/lunaris.wroclaw.pl\/de\/wp-json\/wp\/v2\/product_cat?post=687"},{"taxonomy":"product_tag","embeddable":true,"href":"https:\/\/lunaris.wroclaw.pl\/de\/wp-json\/wp\/v2\/product_tag?post=687"}],"curies":[{"name":"wp","href":"https:\/\/api.w.org\/{rel}","templated":true}]}}