{"id":688,"date":"2024-02-17T18:24:18","date_gmt":"2024-02-17T18:24:18","guid":{"rendered":"https:\/\/lunaris.wroclaw.pl\/produkt\/portraet-eines-kindes\/"},"modified":"2025-03-17T06:29:20","modified_gmt":"2025-03-17T06:29:20","slug":"portraet-eines-kindes","status":"publish","type":"product","link":"https:\/\/lunaris.wroclaw.pl\/de\/produkt\/portraet-eines-kindes\/","title":{"rendered":"Portr\u00e4t eines Kindes"},"content":{"rendered":"<p>Ausgehend von der Entstehung des Lebens, \u00fcber die Entwicklung des Kindes in den verschiedenen Lebensphasen, liegt es mir am Herzen, vorzuschlagen, dass wir das Potenzial des Elternseins nutzen und versuchen, das Wesen des Kindes zu unterst\u00fctzen. Auf das Geburtsdatum haben wir keinen Einfluss, aber wir haben die M\u00f6glichkeit, die Namen zu konsultieren und zu sehen, wie sie mit dem Nachnamen zusammenpassen. Indem wir uns des Potenzials und der Pers\u00f6nlichkeit eines Kindes bewusst sind, k\u00f6nnen wir es in jeder Phase seiner Entwicklung unterst\u00fctzen. Indem wir den freien Willen jedes Lebewesens respektieren, sind unsere Handlungen in erster Linie darauf ausgerichtet, den Menschen, die uns am n\u00e4chsten stehen, ein Begleiter zu sein. Wir k\u00f6nnen an dieser Reise teilnehmen, und das Universum beeinflusst die Richtung der Lebensreise.<\/p>\n<p><strong>Wenn Sie ein numerologisches Portr\u00e4t bestellen, sollte ich folgende Informationen f\u00fcr eine erste Analyse erhalten:<\/strong><br \/>\n&#8211; Vor- und Nachnamen (Taufname, Konfirmationsname, M\u00e4dchenname und Name nach der Heirat).<br \/>\n&#8211; Geburtsdatum (die Uhrzeit brauche ich nicht).<\/p>\n<p>Sie erhalten Ihr numerologisches Portr\u00e4t in elektronischer Form, die Sie selbst ausdrucken k\u00f6nnen. Sobald ich mich mit dem Thema vertraut gemacht habe, bin ich gerne bereit, weitere Informationen zur Verf\u00fcgung zu stellen, wenn ein Thema eine tiefere Analyse erfordert.<\/p>\n<p><strong>Ich freue mich darauf, von Ihnen zu h\u00f6ren.<\/strong><\/p>\n","protected":false},"excerpt":{"rendered":"<p>Ausgehend von der Entstehung des Lebens, \u00fcber die Entwicklung des Kindes in den verschiedenen Lebensphasen, liegt es mir am Herzen, vorzuschlagen, dass wir das Potenzial des Elternseins nutzen und versuchen, das Wesen des Kindes zu unterst\u00fctzen. Auf das Geburtsdatum haben wir keinen Einfluss, aber wir haben die M\u00f6glichkeit, die Namen zu konsultieren und zu sehen, [&hellip;]<\/p>\n","protected":false},"featured_media":1684,"comment_status":"closed","ping_status":"closed","template":"","meta":{"_et_pb_use_builder":"off","_et_pb_old_content":"Poczynaj\u0105c od \u017cycia pocz\u0119tego, poprzez rozw\u00f3j dziecka na poszczeg\u00f3lnych etapach \u017cycia, bliska memu sercu jest propozycja, aby wykorzysta\u0107 potencja\u0142 bycia rodzicem i podj\u0105\u0107 pr\u00f3b\u0119 wsparcia istoty, jak\u0105 jest dziecko.\r\n\r\nNa dat\u0119 urodzenia wp\u0142ywu nie mamy, ale mamy moc, aby skonsultowa\u0107 imiona i sprawdzi\u0107 jak b\u0119d\u0105 rezonowa\u0107 z nazwiskiem.\r\n\r\nMaj\u0105c \u015bwiadomo\u015b\u0107 potencja\u0142u i osobowo\u015bci dziecka mo\u017cemy wspiera\u0107 je na ka\u017cdym etapie rozwoju. Szanuj\u0105c woln\u0105 wol\u0119 ka\u017cdej istoty, nasze dzia\u0142ania polegaj\u0105 przede wszystkim na byciu towarzyszem dla najbli\u017cszych nam os\u00f3b. Mo\u017cemy uczestniczy\u0107 w tej podr\u00f3\u017cy, a wszech\u015bwiat ma wp\u0142yw na kierunek drogi \u017cycia.","_et_gb_content_width":""},"product_cat":[49],"product_tag":[],"class_list":{"0":"post-688","1":"product","2":"type-product","3":"status-publish","4":"has-post-thumbnail","6":"product_cat-einzelne-sitzungen","8":"first","9":"instock","10":"virtual","11":"purchasable","12":"product-type-simple"},"yoast_head":"<!-- This site is optimized with the Yoast SEO plugin v24.1 - https:\/\/yoast.com\/wordpress\/plugins\/seo\/ -->\n<title>Portr\u00e4t eines Kindes - Lunaris<\/title>\n<meta name=\"robots\" content=\"index, follow, max-snippet:-1, max-image-preview:large, max-video-preview:-1\" \/>\n<link rel=\"canonical\" href=\"https:\/\/lunaris.wroclaw.pl\/de\/produkt\/portraet-eines-kindes\/\" \/>\n<meta property=\"og:locale\" content=\"de_DE\" \/>\n<meta property=\"og:type\" content=\"article\" \/>\n<meta property=\"og:title\" content=\"Portr\u00e4t eines Kindes - Lunaris\" \/>\n<meta property=\"og:description\" content=\"Ausgehend von der Entstehung des Lebens, \u00fcber die Entwicklung des Kindes in den verschiedenen Lebensphasen, liegt es mir am Herzen, vorzuschlagen, dass wir das Potenzial des Elternseins nutzen und versuchen, das Wesen des Kindes zu unterst\u00fctzen. Auf das Geburtsdatum haben wir keinen Einfluss, aber wir haben die M\u00f6glichkeit, die Namen zu konsultieren und zu sehen, [&hellip;]\" \/>\n<meta property=\"og:url\" content=\"https:\/\/lunaris.wroclaw.pl\/de\/produkt\/portraet-eines-kindes\/\" \/>\n<meta property=\"og:site_name\" content=\"Lunaris\" \/>\n<meta property=\"article:publisher\" content=\"https:\/\/www.facebook.com\/lunaris.numerologia\" \/>\n<meta property=\"article:modified_time\" content=\"2025-03-17T06:29:20+00:00\" \/>\n<meta property=\"og:image\" content=\"https:\/\/lunaris.wroclaw.pl\/wp-content\/uploads\/2024\/02\/numerologia-portret-dziecka.webp\" \/>\n\t<meta property=\"og:image:width\" content=\"1200\" \/>\n\t<meta property=\"og:image:height\" content=\"800\" \/>\n\t<meta property=\"og:image:type\" content=\"image\/webp\" \/>\n<meta name=\"twitter:card\" content=\"summary_large_image\" \/>\n<meta name=\"twitter:label1\" content=\"Gesch\u00e4tzte Lesezeit\" \/>\n\t<meta name=\"twitter:data1\" content=\"1\u00a0Minute\" \/>\n<script type=\"application\/ld+json\" class=\"yoast-schema-graph\">{\"@context\":\"https:\/\/schema.org\",\"@graph\":[{\"@type\":\"WebPage\",\"@id\":\"https:\/\/lunaris.wroclaw.pl\/de\/produkt\/portraet-eines-kindes\/\",\"url\":\"https:\/\/lunaris.wroclaw.pl\/de\/produkt\/portraet-eines-kindes\/\",\"name\":\"Portr\u00e4t eines Kindes - Lunaris\",\"isPartOf\":{\"@id\":\"https:\/\/lunaris.wroclaw.pl\/de\/#website\"},\"primaryImageOfPage\":{\"@id\":\"https:\/\/lunaris.wroclaw.pl\/de\/produkt\/portraet-eines-kindes\/#primaryimage\"},\"image\":{\"@id\":\"https:\/\/lunaris.wroclaw.pl\/de\/produkt\/portraet-eines-kindes\/#primaryimage\"},\"thumbnailUrl\":\"https:\/\/lunaris.wroclaw.pl\/wp-content\/uploads\/2024\/02\/KSDBb6ZvGPyyHOsdmfOl-0-izcb9.jpg\",\"datePublished\":\"2024-02-17T18:24:18+00:00\",\"dateModified\":\"2025-03-17T06:29:20+00:00\",\"breadcrumb\":{\"@id\":\"https:\/\/lunaris.wroclaw.pl\/de\/produkt\/portraet-eines-kindes\/#breadcrumb\"},\"inLanguage\":\"de\",\"potentialAction\":[{\"@type\":\"ReadAction\",\"target\":[\"https:\/\/lunaris.wroclaw.pl\/de\/produkt\/portraet-eines-kindes\/\"]}]},{\"@type\":\"ImageObject\",\"inLanguage\":\"de\",\"@id\":\"https:\/\/lunaris.wroclaw.pl\/de\/produkt\/portraet-eines-kindes\/#primaryimage\",\"url\":\"https:\/\/lunaris.wroclaw.pl\/wp-content\/uploads\/2024\/02\/KSDBb6ZvGPyyHOsdmfOl-0-izcb9.jpg\",\"contentUrl\":\"https:\/\/lunaris.wroclaw.pl\/wp-content\/uploads\/2024\/02\/KSDBb6ZvGPyyHOsdmfOl-0-izcb9.jpg\",\"width\":1024,\"height\":1024},{\"@type\":\"BreadcrumbList\",\"@id\":\"https:\/\/lunaris.wroclaw.pl\/de\/produkt\/portraet-eines-kindes\/#breadcrumb\",\"itemListElement\":[{\"@type\":\"ListItem\",\"position\":1,\"name\":\"Strona g\u0142\u00f3wna\",\"item\":\"https:\/\/lunaris.wroclaw.pl\/de\/\"},{\"@type\":\"ListItem\",\"position\":2,\"name\":\"Shop\",\"item\":\"https:\/\/lunaris.wroclaw.pl\/de\/shop\/\"},{\"@type\":\"ListItem\",\"position\":3,\"name\":\"Portr\u00e4t eines Kindes\"}]},{\"@type\":\"WebSite\",\"@id\":\"https:\/\/lunaris.wroclaw.pl\/de\/#website\",\"url\":\"https:\/\/lunaris.wroclaw.pl\/de\/\",\"name\":\"Lunaris\",\"description\":\"Numerologia\",\"publisher\":{\"@id\":\"https:\/\/lunaris.wroclaw.pl\/de\/#organization\"},\"potentialAction\":[{\"@type\":\"SearchAction\",\"target\":{\"@type\":\"EntryPoint\",\"urlTemplate\":\"https:\/\/lunaris.wroclaw.pl\/de\/?s={search_term_string}\"},\"query-input\":{\"@type\":\"PropertyValueSpecification\",\"valueRequired\":true,\"valueName\":\"search_term_string\"}}],\"inLanguage\":\"de\"},{\"@type\":\"Organization\",\"@id\":\"https:\/\/lunaris.wroclaw.pl\/de\/#organization\",\"name\":\"Lunaris\",\"url\":\"https:\/\/lunaris.wroclaw.pl\/de\/\",\"logo\":{\"@type\":\"ImageObject\",\"inLanguage\":\"de\",\"@id\":\"https:\/\/lunaris.wroclaw.pl\/de\/#\/schema\/logo\/image\/\",\"url\":\"https:\/\/lunaris.wroclaw.pl\/wp-content\/uploads\/2024\/02\/logo-Lunaris.png\",\"contentUrl\":\"https:\/\/lunaris.wroclaw.pl\/wp-content\/uploads\/2024\/02\/logo-Lunaris.png\",\"width\":226,\"height\":150,\"caption\":\"Lunaris\"},\"image\":{\"@id\":\"https:\/\/lunaris.wroclaw.pl\/de\/#\/schema\/logo\/image\/\"},\"sameAs\":[\"https:\/\/www.facebook.com\/lunaris.numerologia\"]}]}<\/script>\n<!-- \/ Yoast SEO plugin. -->","yoast_head_json":{"title":"Portr\u00e4t eines Kindes - Lunaris","robots":{"index":"index","follow":"follow","max-snippet":"max-snippet:-1","max-image-preview":"max-image-preview:large","max-video-preview":"max-video-preview:-1"},"canonical":"https:\/\/lunaris.wroclaw.pl\/de\/produkt\/portraet-eines-kindes\/","og_locale":"de_DE","og_type":"article","og_title":"Portr\u00e4t eines Kindes - Lunaris","og_description":"Ausgehend von der Entstehung des Lebens, \u00fcber die Entwicklung des Kindes in den verschiedenen Lebensphasen, liegt es mir am Herzen, vorzuschlagen, dass wir das Potenzial des Elternseins nutzen und versuchen, das Wesen des Kindes zu unterst\u00fctzen. Auf das Geburtsdatum haben wir keinen Einfluss, aber wir haben die M\u00f6glichkeit, die Namen zu konsultieren und zu sehen, [&hellip;]","og_url":"https:\/\/lunaris.wroclaw.pl\/de\/produkt\/portraet-eines-kindes\/","og_site_name":"Lunaris","article_publisher":"https:\/\/www.facebook.com\/lunaris.numerologia","article_modified_time":"2025-03-17T06:29:20+00:00","og_image":[{"width":1200,"height":800,"url":"https:\/\/lunaris.wroclaw.pl\/wp-content\/uploads\/2024\/02\/numerologia-portret-dziecka.webp","type":"image\/webp"}],"twitter_card":"summary_large_image","twitter_misc":{"Gesch\u00e4tzte Lesezeit":"1\u00a0Minute"},"schema":{"@context":"https:\/\/schema.org","@graph":[{"@type":"WebPage","@id":"https:\/\/lunaris.wroclaw.pl\/de\/produkt\/portraet-eines-kindes\/","url":"https:\/\/lunaris.wroclaw.pl\/de\/produkt\/portraet-eines-kindes\/","name":"Portr\u00e4t eines Kindes - Lunaris","isPartOf":{"@id":"https:\/\/lunaris.wroclaw.pl\/de\/#website"},"primaryImageOfPage":{"@id":"https:\/\/lunaris.wroclaw.pl\/de\/produkt\/portraet-eines-kindes\/#primaryimage"},"image":{"@id":"https:\/\/lunaris.wroclaw.pl\/de\/produkt\/portraet-eines-kindes\/#primaryimage"},"thumbnailUrl":"https:\/\/lunaris.wroclaw.pl\/wp-content\/uploads\/2024\/02\/KSDBb6ZvGPyyHOsdmfOl-0-izcb9.jpg","datePublished":"2024-02-17T18:24:18+00:00","dateModified":"2025-03-17T06:29:20+00:00","breadcrumb":{"@id":"https:\/\/lunaris.wroclaw.pl\/de\/produkt\/portraet-eines-kindes\/#breadcrumb"},"inLanguage":"de","potentialAction":[{"@type":"ReadAction","target":["https:\/\/lunaris.wroclaw.pl\/de\/produkt\/portraet-eines-kindes\/"]}]},{"@type":"ImageObject","inLanguage":"de","@id":"https:\/\/lunaris.wroclaw.pl\/de\/produkt\/portraet-eines-kindes\/#primaryimage","url":"https:\/\/lunaris.wroclaw.pl\/wp-content\/uploads\/2024\/02\/KSDBb6ZvGPyyHOsdmfOl-0-izcb9.jpg","contentUrl":"https:\/\/lunaris.wroclaw.pl\/wp-content\/uploads\/2024\/02\/KSDBb6ZvGPyyHOsdmfOl-0-izcb9.jpg","width":1024,"height":1024},{"@type":"BreadcrumbList","@id":"https:\/\/lunaris.wroclaw.pl\/de\/produkt\/portraet-eines-kindes\/#breadcrumb","itemListElement":[{"@type":"ListItem","position":1,"name":"Strona g\u0142\u00f3wna","item":"https:\/\/lunaris.wroclaw.pl\/de\/"},{"@type":"ListItem","position":2,"name":"Shop","item":"https:\/\/lunaris.wroclaw.pl\/de\/shop\/"},{"@type":"ListItem","position":3,"name":"Portr\u00e4t eines Kindes"}]},{"@type":"WebSite","@id":"https:\/\/lunaris.wroclaw.pl\/de\/#website","url":"https:\/\/lunaris.wroclaw.pl\/de\/","name":"Lunaris","description":"Numerologia","publisher":{"@id":"https:\/\/lunaris.wroclaw.pl\/de\/#organization"},"potentialAction":[{"@type":"SearchAction","target":{"@type":"EntryPoint","urlTemplate":"https:\/\/lunaris.wroclaw.pl\/de\/?s={search_term_string}"},"query-input":{"@type":"PropertyValueSpecification","valueRequired":true,"valueName":"search_term_string"}}],"inLanguage":"de"},{"@type":"Organization","@id":"https:\/\/lunaris.wroclaw.pl\/de\/#organization","name":"Lunaris","url":"https:\/\/lunaris.wroclaw.pl\/de\/","logo":{"@type":"ImageObject","inLanguage":"de","@id":"https:\/\/lunaris.wroclaw.pl\/de\/#\/schema\/logo\/image\/","url":"https:\/\/lunaris.wroclaw.pl\/wp-content\/uploads\/2024\/02\/logo-Lunaris.png","contentUrl":"https:\/\/lunaris.wroclaw.pl\/wp-content\/uploads\/2024\/02\/logo-Lunaris.png","width":226,"height":150,"caption":"Lunaris"},"image":{"@id":"https:\/\/lunaris.wroclaw.pl\/de\/#\/schema\/logo\/image\/"},"sameAs":["https:\/\/www.facebook.com\/lunaris.numerologia"]}]}},"_links":{"self":[{"href":"https:\/\/lunaris.wroclaw.pl\/de\/wp-json\/wp\/v2\/product\/688","targetHints":{"allow":["GET"]}}],"collection":[{"href":"https:\/\/lunaris.wroclaw.pl\/de\/wp-json\/wp\/v2\/product"}],"about":[{"href":"https:\/\/lunaris.wroclaw.pl\/de\/wp-json\/wp\/v2\/types\/product"}],"replies":[{"embeddable":true,"href":"https:\/\/lunaris.wroclaw.pl\/de\/wp-json\/wp\/v2\/comments?post=688"}],"wp:featuredmedia":[{"embeddable":true,"href":"https:\/\/lunaris.wroclaw.pl\/de\/wp-json\/wp\/v2\/media\/1684"}],"wp:attachment":[{"href":"https:\/\/lunaris.wroclaw.pl\/de\/wp-json\/wp\/v2\/media?parent=688"}],"wp:term":[{"taxonomy":"product_cat","embeddable":true,"href":"https:\/\/lunaris.wroclaw.pl\/de\/wp-json\/wp\/v2\/product_cat?post=688"},{"taxonomy":"product_tag","embeddable":true,"href":"https:\/\/lunaris.wroclaw.pl\/de\/wp-json\/wp\/v2\/product_tag?post=688"}],"curies":[{"name":"wp","href":"https:\/\/api.w.org\/{rel}","templated":true}]}}